{"id":858,"date":"2019-06-11T09:23:43","date_gmt":"2019-06-11T09:23:43","guid":{"rendered":"http:\/\/192.168.0.114\/johnfirm\/?page_id=858"},"modified":"2025-11-22T11:45:17","modified_gmt":"2025-11-22T11:45:17","slug":"beratung-und-coaching","status":"publish","type":"page","link":"https:\/\/costan-beratung.de\/tr\/leistungen\/beratung-und-coaching\/","title":{"rendered":"Dan\u0131\u015fmanl\u0131k ve Ko\u00e7luk"},"content":{"rendered":"<div data-elementor-type=\"wp-page\" data-elementor-id=\"858\" class=\"elementor elementor-858\">\n\t\t\t\t\t\t<section class=\"elementor-section elementor-top-section elementor-element elementor-element-5cce182 elementor-section-full_width elementor-section-height-default elementor-section-height-default wpr-particle-no wpr-jarallax-no wpr-parallax-no wpr-sticky-section-no\" data-id=\"5cce182\" data-element_type=\"section\">\n\t\t\t\t\t\t<div class=\"elementor-container elementor-column-gap-default\">\n\t\t\t\t\t<div class=\"elementor-column elementor-col-100 elementor-top-column elementor-element elementor-element-92e7dd9\" data-id=\"92e7dd9\" data-element_type=\"column\">\n\t\t\t<div class=\"elementor-widget-wrap elementor-element-populated\">\n\t\t\t\t<div class=\"elementor-element elementor-element-25f3aa9 e-grid e-con-boxed wpr-particle-no wpr-jarallax-no wpr-parallax-no wpr-sticky-section-no e-con e-parent\" data-id=\"25f3aa9\" data-element_type=\"container\">\n\t\t\t\t\t<div class=\"e-con-inner\">\n\t\t\t\t<div class=\"elementor-element elementor-element-1b3c335 elementor-widget elementor-widget-image\" data-id=\"1b3c335\" data-element_type=\"widget\" data-widget_type=\"image.default\">\n\t\t\t\t\t\t\t\t\t\t\t\t\t\t\t<img fetchpriority=\"high\" decoding=\"async\" width=\"640\" height=\"602\" src=\"https:\/\/costan-beratung.de\/wp-content\/uploads\/2025\/11\/AdobeStock_113049697-2.jpg.png\" class=\"attachment-large size-large wp-image-6389\" alt=\"\" srcset=\"https:\/\/costan-beratung.de\/wp-content\/uploads\/2025\/11\/AdobeStock_113049697-2.jpg.png 791w, https:\/\/costan-beratung.de\/wp-content\/uploads\/2025\/11\/AdobeStock_113049697-2.jpg-300x282.png 300w, https:\/\/costan-beratung.de\/wp-content\/uploads\/2025\/11\/AdobeStock_113049697-2.jpg-768x722.png 768w\" sizes=\"(max-width: 640px) 100vw, 640px\" \/>\t\t\t\t\t\t\t\t\t\t\t\t\t\t\t<\/div>\n\t\t\t\t<div class=\"elementor-element elementor-element-95fa255 elementor-widget elementor-widget-text-editor\" data-id=\"95fa255\" data-element_type=\"widget\" data-widget_type=\"text-editor.default\">\n\t\t\t\t\t\t\t\t\t<h3><b>Dan\u0131\u015fmanl\u0131k ve Ko\u00e7luk<\/b><\/h3><p><strong>Yetkin Strateji<\/strong><\/p><p><span style=\"font-weight: 400;\">Bir\u00e7ok farkl\u0131 toplumsal ba\u011flamda, bireylere, \u015firketlere ve kurumlara onlarca y\u0131ld\u0131r dan\u0131\u015fmanl\u0131k, ko\u00e7luk ve destek hizmeti sunuyorum.\u00a0<\/span><\/p>\t\t\t\t\t\t\t\t<\/div>\n\t\t\t\t\t<\/div>\n\t\t\t\t<\/div>\n\t\t\t\t<div class=\"elementor-element elementor-element-642a3bd elementor-widget elementor-widget-text-editor\" data-id=\"642a3bd\" data-element_type=\"widget\" data-widget_type=\"text-editor.default\">\n\t\t\t\t\t\t\t\t\t<ul><li>\u00a0<b>S\u00fcre\u00e7 Dan\u0131\u015fmanl\u0131\u011f\u0131 ve Kurumsal Geli\u015fim<\/b><\/li><li aria-level=\"1\"><b>Dernek ve Network Geli\u015fimi<\/b><\/li><\/ul><ul><li aria-level=\"1\"><b>(G\u00f6\u00e7men) Dernekler ve Kurumlar \u0130\u00e7in Dan\u0131\u015fmanl\u0131k\u00a0<\/b><\/li><\/ul><ul><li aria-level=\"1\"><b>K\u00fclt\u00fcrleraras\u0131 A\u00e7\u0131l\u0131m S\u00fcre\u00e7lerine Rehberlik<\/b><\/li><\/ul><ul><li aria-level=\"1\"><b>Seminer, At\u00f6lye, B\u00fcy\u00fck Etkinlik ve Uzman Toplant\u0131lar\u0131n\u0131n Organizasyonu ve Moderasyonu<\/b><\/li><\/ul><ul><li aria-level=\"1\"><b>Sivil Toplum Odakl\u0131 Politika Dan\u0131\u015fmanl\u0131\u011f\u0131<\/b><\/li><\/ul><ul><li aria-level=\"1\"><b>Y\u00f6neticiler \u0130\u00e7in Ko\u00e7luk<\/b><\/li><\/ul><ul><li aria-level=\"1\"><b>\u0130\u015f Ko\u00e7lu\u011fu ve Mesleki Y\u00f6nelim Dan\u0131\u015fmanl\u0131\u011f\u0131<\/b><\/li><\/ul><ul><li aria-level=\"1\"><b>\u00dcniversite \u00d6\u011frencileri \u0130\u00e7in Akademik Ara\u015ft\u0131rma ve Tez Dan\u0131\u015fmanl\u0131\u011f\u0131<\/b><\/li><\/ul><ul><li aria-level=\"1\"><b>Konu\u015fma ve Hitap Metinlerinin Haz\u0131rlanmas\u0131 (T\u00fcrk\u00e7e \/ Almanca)\u00a0<\/b><\/li><\/ul><ul><li aria-level=\"1\"><b>Almanca-T\u00fcrk\u00e7e Terc\u00fcme Hizmetleri<\/b><\/li><\/ul><p><b><br \/>\u0130leti\u015fim:<\/b><\/p><p><span style=\"font-weight: 400;\">Dan\u0131\u015fmanl\u0131k veya ko\u00e7luk hizmeti almak istiyorsan\u0131z ya da sorular\u0131n\u0131z varsa, benimle \u00e7ekinmeden ileti\u015fime ge\u00e7ebilirsiniz.\nS\u00fcrece, Almanca ve\/veya T\u00fcrk\u00e7e olarak e\u015flik etmekten memnuniyet duyar\u0131m.<\/span><\/p>\t\t\t\t\t\t\t\t<\/div>\n\t\t\t\t<div class=\"elementor-element elementor-element-193b19f elementor-widget elementor-widget-prelements-cf7\" data-id=\"193b19f\" data-element_type=\"widget\" data-widget_type=\"prelements-cf7.default\">\n\t\t\t\t<div class=\"elementor-widget-container\">\n\t\t\t\t\t\n<div class=\"wpcf7 no-js\" id=\"wpcf7-f793-o1\" lang=\"en-US\" dir=\"ltr\" data-wpcf7-id=\"793\">\n<div class=\"screen-reader-response\"><p role=\"status\" aria-live=\"polite\" aria-atomic=\"true\"><\/p> <ul><\/ul><\/div>\n<form action=\"\/tr\/wp-json\/wp\/v2\/pages\/858#wpcf7-f793-o1\" method=\"post\" class=\"wpcf7-form init\" aria-label=\"Contact form\" novalidate=\"novalidate\" data-status=\"init\" data-trp-original-action=\"\/tr\/wp-json\/wp\/v2\/pages\/858#wpcf7-f793-o1\">\n<fieldset class=\"hidden-fields-container\"><input type=\"hidden\" name=\"_wpcf7\" value=\"793\" \/><input type=\"hidden\" name=\"_wpcf7_version\" value=\"6.1.3\" \/><input type=\"hidden\" name=\"_wpcf7_locale\" value=\"en_US\" \/><input type=\"hidden\" name=\"_wpcf7_unit_tag\" value=\"wpcf7-f793-o1\" \/><input type=\"hidden\" name=\"_wpcf7_container_post\" value=\"0\" \/><input type=\"hidden\" name=\"_wpcf7_posted_data_hash\" value=\"\" \/>\n<\/fieldset>\n<div class=\"practice-areas-form\">\n\t<h3 class=\"widgettitle\">\u0130leti\u015fim\n\t<\/h3>\n\t<p><span class=\"wpcf7-form-control-wrap\" data-name=\"your-name\"><input size=\"40\" maxlength=\"400\" class=\"wpcf7-form-control wpcf7-text wpcf7-validates-as-required\" aria-required=\"true\" aria-invalid=\"false\" placeholder=\"\u0130sminiz\" value=\"\" type=\"text\" name=\"your-name\" \/><\/span><br \/>\n<span class=\"wpcf7-form-control-wrap\" data-name=\"your-email\"><input size=\"40\" maxlength=\"400\" class=\"wpcf7-form-control wpcf7-email wpcf7-validates-as-required wpcf7-text wpcf7-validates-as-email\" aria-required=\"true\" aria-invalid=\"false\" placeholder=\"E-Mail Adresiniz\" value=\"\" type=\"email\" name=\"your-email\" \/><\/span><br \/>\n<span class=\"wpcf7-form-control-wrap\" data-name=\"your-phone\"><input size=\"40\" maxlength=\"400\" class=\"wpcf7-form-control wpcf7-text wpcf7-validates-as-required\" aria-required=\"true\" aria-invalid=\"false\" placeholder=\"Telefon Numaran\u0131z\" value=\"\" type=\"text\" name=\"your-phone\" \/><\/span><br \/>\n<span class=\"wpcf7-form-control-wrap\" data-name=\"your-message\"><textarea cols=\"40\" rows=\"10\" maxlength=\"2000\" class=\"wpcf7-form-control wpcf7-textarea\" aria-invalid=\"false\" placeholder=\"Mesaj\u0131n\u0131z\" name=\"your-message\"><\/textarea><\/span><br \/>\n<span class=\"wpcf7-form-control-wrap\" data-name=\"acceptance-399\"><span class=\"wpcf7-form-control wpcf7-acceptance\"><span class=\"wpcf7-list-item\"><input type=\"checkbox\" name=\"acceptance-399\" value=\"1\" aria-invalid=\"false\" \/><\/span><\/span><\/span> Gizlilik politikas\u0131n\u0131 onayl\u0131yorum.\n\t<\/p>\n\t<p><input class=\"wpcf7-form-control wpcf7-submit has-spinner\" type=\"submit\" value=\"G\u00f6nder\" \/>\n\t<\/p>\n<\/div><div class=\"wpcf7-response-output\" aria-hidden=\"true\"><\/div>\n<input type=\"hidden\" name=\"trp-form-language\" value=\"tr\"\/><\/form>\n<\/div>\n\t\t\t\t<\/div>\n\t\t\t\t<\/div>\n\t\t\t\t\t<\/div>\n\t\t<\/div>\n\t\t\t\t\t<\/div>\n\t\t<\/section>\n\t\t\t\t<\/div>","protected":false},"excerpt":{"rendered":"<p>Beratung &#8211; Coaching Kompetenz-Strategie Seit mehreren Jahrzehnten berate, coache und unterst\u00fctze ich Menschen, Unternehmen und Organisationen in diversen gesellschaftlichen Kontexten.\u00a0 \u00a0Prozessbegleitung &amp; Organisationsentwicklung Verbands,- und Netzwerkentwicklung Beratung von (migrantischen) Vereinen und Verb\u00e4nden\u00a0 Begleitung interkultureller \u00d6ffnungsprozesse Organisation und Moderation von Seminaren, Workshops, Gro\u00dfevents und Fachtagungen Politikberatung mit zivilgesellschaftlichem Fokus Coaching f\u00fcr F\u00fchrungskr\u00e4fte Jobcoaching &amp; berufliche Orientierung Beratung f\u00fcr Studierende zu wissenschaftlichen Forschungs, &#8211; und Abschlussarbeiten Erstellung von Reden und Ansprachen (TR\/DE)\u00a0 \u00dcbersetzungsdienste Deutsch-T\u00fcrkisch Kontakt: Wenn Sie eine Beratung oder ein Coaching in Anspruch nehmen m\u00f6chten oder Fragen haben, nehmen Sie gerne unverbindlich Kontakt auf. Ich freue mich darauf, Sie auf dem Weg zu einer L\u00f6sung zu begleiten, in deutscher und\/oder t\u00fcrkischer Sprache. Kontakt Ich stimme dem Datenschutz zu.<\/p>","protected":false},"author":1,"featured_media":0,"parent":611,"menu_order":0,"comment_status":"closed","ping_status":"closed","template":"","meta":{"footnotes":""},"class_list":["post-858","page","type-page","status-publish","hentry"],"_links":{"self":[{"href":"https:\/\/costan-beratung.de\/tr\/wp-json\/wp\/v2\/pages\/858","targetHints":{"allow":["GET"]}}],"collection":[{"href":"https:\/\/costan-beratung.de\/tr\/wp-json\/wp\/v2\/pages"}],"about":[{"href":"https:\/\/costan-beratung.de\/tr\/wp-json\/wp\/v2\/types\/page"}],"author":[{"embeddable":true,"href":"https:\/\/costan-beratung.de\/tr\/wp-json\/wp\/v2\/users\/1"}],"replies":[{"embeddable":true,"href":"https:\/\/costan-beratung.de\/tr\/wp-json\/wp\/v2\/comments?post=858"}],"version-history":[{"count":26,"href":"https:\/\/costan-beratung.de\/tr\/wp-json\/wp\/v2\/pages\/858\/revisions"}],"predecessor-version":[{"id":6601,"href":"https:\/\/costan-beratung.de\/tr\/wp-json\/wp\/v2\/pages\/858\/revisions\/6601"}],"up":[{"embeddable":true,"href":"https:\/\/costan-beratung.de\/tr\/wp-json\/wp\/v2\/pages\/611"}],"wp:attachment":[{"href":"https:\/\/costan-beratung.de\/tr\/wp-json\/wp\/v2\/media?parent=858"}],"curies":[{"name":"wp","href":"https:\/\/api.w.org\/{rel}","templated":true}]}}