{"id":762,"date":"2019-06-11T04:54:38","date_gmt":"2019-06-11T04:54:38","guid":{"rendered":"http:\/\/192.168.0.114\/johnfirm\/?page_id=762"},"modified":"2025-11-22T11:47:14","modified_gmt":"2025-11-22T11:47:14","slug":"supervision","status":"publish","type":"page","link":"https:\/\/costan-beratung.de\/tr\/leistungen\/supervision\/","title":{"rendered":"S\u00fcpervizyon"},"content":{"rendered":"<div data-elementor-type=\"wp-page\" data-elementor-id=\"762\" class=\"elementor elementor-762\">\n\t\t\t\t\t\t<section class=\"elementor-section elementor-top-section elementor-element elementor-element-78db0b3 elementor-section-full_width elementor-section-height-default elementor-section-height-default wpr-particle-no wpr-jarallax-no wpr-parallax-no wpr-sticky-section-no\" data-id=\"78db0b3\" data-element_type=\"section\">\n\t\t\t\t\t\t<div class=\"elementor-container elementor-column-gap-default\">\n\t\t\t\t\t<div class=\"elementor-column elementor-col-100 elementor-top-column elementor-element elementor-element-e8b2d18\" data-id=\"e8b2d18\" data-element_type=\"column\">\n\t\t\t<div class=\"elementor-widget-wrap elementor-element-populated\">\n\t\t\t\t<div class=\"elementor-element elementor-element-e6465dd e-grid e-con-boxed wpr-particle-no wpr-jarallax-no wpr-parallax-no wpr-sticky-section-no e-con e-parent\" data-id=\"e6465dd\" data-element_type=\"container\">\n\t\t\t\t\t<div class=\"e-con-inner\">\n\t\t\t\t<div class=\"elementor-element elementor-element-d5652ba elementor-widget elementor-widget-image\" data-id=\"d5652ba\" data-element_type=\"widget\" data-widget_type=\"image.default\">\n\t\t\t\t\t\t\t\t\t\t\t\t\t\t\t<img fetchpriority=\"high\" decoding=\"async\" width=\"640\" height=\"640\" src=\"https:\/\/costan-beratung.de\/wp-content\/uploads\/2025\/10\/AdobeStock_827265457-2.jpg\" class=\"attachment-large size-large wp-image-6032\" alt=\"\" srcset=\"https:\/\/costan-beratung.de\/wp-content\/uploads\/2025\/10\/AdobeStock_827265457-2.jpg 746w, https:\/\/costan-beratung.de\/wp-content\/uploads\/2025\/10\/AdobeStock_827265457-2-300x300.jpg 300w, https:\/\/costan-beratung.de\/wp-content\/uploads\/2025\/10\/AdobeStock_827265457-2-150x150.jpg 150w, https:\/\/costan-beratung.de\/wp-content\/uploads\/2025\/10\/AdobeStock_827265457-2-270x270.jpg 270w, https:\/\/costan-beratung.de\/wp-content\/uploads\/2025\/10\/AdobeStock_827265457-2-600x600.jpg 600w, https:\/\/costan-beratung.de\/wp-content\/uploads\/2025\/10\/AdobeStock_827265457-2-100x100.jpg 100w\" sizes=\"(max-width: 640px) 100vw, 640px\" \/>\t\t\t\t\t\t\t\t\t\t\t\t\t\t\t<\/div>\n\t\t\t\t<div class=\"elementor-element elementor-element-e83ff10 elementor-widget elementor-widget-text-editor\" data-id=\"e83ff10\" data-element_type=\"widget\" data-widget_type=\"text-editor.default\">\n\t\t\t\t\t\t\t\t\t<h3><b>S\u00fcpervizyon<\/b><\/h3><h4><b>D\u00fc\u015f\u00fcnme \u2013 Anlay\u0131\u015f \u2013 Geli\u015fim\u00a0\u00a0<\/b><\/h4><p><span style=\"font-weight: 400;\">\u0130nsanlar\u0131n bir arada ya\u015fad\u0131\u011f\u0131 ve \u00e7al\u0131\u015ft\u0131\u011f\u0131 her ortamda,\u00a0<\/span><span style=\"font-weight: 400;\">insan ili\u015fkileri b\u00fcy\u00fck \u00f6nem ta\u015f\u0131r. Bu ili\u015fkiler \u00e7at\u0131\u015fmalar ya da ileti\u015fim eksiklikleriyle sars\u0131ld\u0131\u011f\u0131nda, <\/span><span style=\"font-weight: 400;\">ister \u00f6zel ya\u015famda ister i\u015f hayat\u0131nda olsun, ili\u015fkilerin kalitesi ve verimlili\u011fi d\u00fc\u015fer.\u00a0<br \/><br \/>S\u00fcpervizyon, bu t\u00fcr durumlarda dan\u0131\u015fanlara yans\u0131tma ve yap\u0131c\u0131 \u00e7\u00f6z\u00fcm yollar\u0131 geli\u015ftirme olana\u011f\u0131 sunan bir dan\u0131\u015fmanl\u0131k format\u0131d\u0131r. Kat\u0131l\u0131mc\u0131lara kendi durumlar\u0131 hakk\u0131nda b\u00fct\u00fcnsel bir bak\u0131\u015f a\u00e7\u0131s\u0131 kazand\u0131r\u0131r ve b\u00f6ylece \u00f6zel ve mesleki s\u00fcre\u00e7lerin desteklenmesi, e\u015flik edilmesi ve de\u011ferlendirilmesine hizmet eder.\n\nS\u00fcpervizyon, ki\u015fiye g\u00fcnl\u00fck rutinden uzakla\u015fma ve profesyonel bir uzman e\u015fli\u011finde \u00f6zel ya da mesleki davran\u0131\u015flar\u0131n\u0131 g\u00f6zden ge\u00e7irme f\u0131rsat\u0131 verir. Bu sayede yeni bak\u0131\u015f a\u00e7\u0131lar\u0131 geli\u015ftirilebilir, mevcut kaynaklar harekete ge\u00e7irilebilir ve yeni eylem alanlar\u0131 olu\u015fturulabilir.\n\nS\u00fcpervizyon; karma\u015f\u0131k s\u00fcre\u00e7lerin netle\u015ftirilmesi, yap\u0131c\u0131 ileti\u015fim yap\u0131lar\u0131n\u0131n kurulmas\u0131 ve \u00f6zel ile mesleki alanlarda kalite g\u00fcvencesinin sa\u011flanmas\u0131 i\u00e7in ideal bir y\u00f6ntemdir.\u00a0<br \/><\/span><\/p>\t\t\t\t\t\t\t\t<\/div>\n\t\t\t\t\t<\/div>\n\t\t\t\t<\/div>\n\t\t\t\t<div class=\"elementor-element elementor-element-76defcc elementor-widget elementor-widget-text-editor\" data-id=\"76defcc\" data-element_type=\"widget\" data-widget_type=\"text-editor.default\">\n\t\t\t\t\t\t\t\t\t<p><b>S\u00fcpervizyon Formatlar\u0131<\/b><\/p><ul><li aria-level=\"1\"><b>Vaka S\u00fcpervizyonu\u00a0<\/b><\/li><\/ul><p><span style=\"font-weight: 400;\">\u00d6zel ya da profesyonel ya\u015famda ya\u015fanan somut dan\u0131\u015fmanl\u0131k durumlar\u0131n\u0131n ele al\u0131nmas\u0131.<\/span><\/p><ul><li aria-level=\"1\"><b>Ekip S\u00fcpervizyonu\u00a0<\/b><\/li><\/ul><p><span style=\"font-weight: 400;\">Ekip i\u00e7i s\u00fcre\u00e7lerin netle\u015ftirilmesi, rollerin ve ili\u015fki dinamiklerinin de\u011ferlendirilmesi, ekip i\u00e7i ve kurumsal ileti\u015fimin g\u00fc\u00e7lendirilmesi, \u00e7at\u0131\u015fma alanlar\u0131n\u0131n fark edilmesi ve \u00e7\u00f6z\u00fcmlenmesi, kaynaklar\u0131n etkin kullan\u0131m\u0131 ve alternatif \u00e7\u00f6z\u00fcm yollar\u0131n\u0131n geli\u015ftirilmesi, organizasyonel s\u00fcre\u00e7lerin iyile\u015ftirilmesi ve kalite g\u00fcvencesi.<\/span><\/p><ul><li aria-level=\"1\"><b>Bireysel S\u00fcpervizyon:\u00a0<\/b><\/li><\/ul><p><span style=\"font-weight: 400;\">\u00d6zel veya mesleki zorluklar ya\u015fayan bireylerle y\u00fcr\u00fct\u00fclen s\u00fcpervizyon \u00e7al\u0131\u015fmalar\u0131.\u00a0<\/span><\/p><ul><li aria-level=\"1\"><b>K\u00fclt\u00fcrleraras\u0131 ve Dinleraras\u0131 S\u00fcpervizyon<\/b><\/li><\/ul><p><span style=\"font-weight: 400;\">Toplumumuzdaki \u00e7e\u015fitlilik, farkl\u0131 k\u00fclt\u00fcr ve dinlerin daha s\u0131k bir araya gelmesine neden oluyor. Ailede, i\u015f yerinde, mahallede veya kamusal alanda \u2014 bar\u0131\u015f\u00e7\u0131l ve sayg\u0131l\u0131 bir ya\u015fam hepimizin ortak ihtiyac\u0131d\u0131r.\nBazen yanl\u0131\u015f anlamalar, \u00f6nyarg\u0131lar, bilgisizlik ya da fark\u0131nda olmadan sergilenen davran\u0131\u015f kal\u0131plar\u0131 \u00e7at\u0131\u015fmalara yol a\u00e7abilir. Bu t\u00fcr durumlarda s\u00fcpervizyon, k\u00fclt\u00fcrleraras\u0131 veya dinleraras\u0131 ba\u011flamda fark\u0131ndal\u0131k, sayg\u0131 ve yap\u0131c\u0131 \u00e7\u00f6z\u00fcm geli\u015ftirme s\u00fcrecinde son derece yararl\u0131 bir y\u00f6ntemdir.\u00a0\u00a0<\/span><\/p><ul><li aria-level=\"1\"><b>Koruyucu Aileler \u0130\u00e7in S\u00fcpervizyon<\/b><\/li><\/ul><p><span style=\"font-weight: 400;\">Koruyucu ailelerin dan\u0131\u015fmanl\u0131k ve s\u00fcpervizyon alma konusunda yasal haklar\u0131 bulunmaktad\u0131r.\nKendi \u00f6zverili katk\u0131lar\u0131, toplumsal rolleri ve \u00e7ocuk refah\u0131 alan\u0131ndaki sorumluluklar\u0131 nedeniyle koruyucu ebeveynler, kimi zaman \u00f6zel ve kurumsal zorluklarla kar\u015f\u0131la\u015fabilir.\nBu noktada s\u00fcpervizyon, ili\u015fkinin istikrara kavu\u015fmas\u0131na, kaynaklar\u0131n g\u00fc\u00e7lendirilmesine ve duygusal dengeye \u00f6nemli katk\u0131lar sa\u011flar.\u00a0\u00a0\u00a0<\/span><\/p><p><b>Benim s\u00fcpervizyon yakla\u015f\u0131m\u0131m, t\u00fcm taraflar\u0131, yap\u0131sal ko\u015fullar\u0131 ve kaynaklar\u0131 dikkate alan sistemik bir bak\u0131\u015f a\u00e7\u0131s\u0131na dayan\u0131r<\/b><\/p><ul><li style=\"font-weight: 400;\" aria-level=\"1\"><span style=\"font-weight: 400;\">T\u00fcm payda\u015flar\u0131n g\u00f6r\u00fc\u015flerini ve bak\u0131\u015f a\u00e7\u0131lar\u0131n\u0131 kapsar,<\/span><\/li><li style=\"font-weight: 400;\" aria-level=\"1\"><span style=\"font-weight: 400;\">Yap\u0131sal \u00e7er\u00e7eveyi dikkate al\u0131r,\u00a0<\/span><\/li><li style=\"font-weight: 400;\" aria-level=\"1\"><span style=\"font-weight: 400;\">Kaynaklara ve g\u00fc\u00e7l\u00fc y\u00f6nlere odaklan\u0131r,<\/span><\/li><li style=\"font-weight: 400;\" aria-level=\"1\"><span style=\"font-weight: 400;\">Modern ve yenilik\u00e7i y\u00f6ntemlerle \u00e7\u00f6z\u00fcm s\u00fcre\u00e7lerini destekler,<\/span><\/li><li style=\"font-weight: 400;\" aria-level=\"1\"><span style=\"font-weight: 400;\">K\u00fclt\u00fcrleraras\u0131 ve dinleraras\u0131 hassasiyetleri g\u00f6zetir.<\/span><\/li><\/ul><p><b><br \/>Yakla\u015f\u0131m\u0131m\u0131n Temel \u0130lkeleri<\/b><\/p><ul><li style=\"font-weight: 400;\" aria-level=\"1\"><b>Kaynak Odakl\u0131l\u0131k<\/b><\/li><\/ul><p><span style=\"font-weight: 400;\">Kurumlar ve bireyler, kendi g\u00fc\u00e7l\u00fc y\u00f6nlerini fark eder; bunlar\u0131 i\u015f birli\u011fi, sinerji ve uygun \u00e7\u00f6z\u00fcm stratejileri geli\u015ftirmek i\u00e7in etkin \u015fekilde kullanmay\u0131 \u00f6\u011frenir.<\/span><\/p><ul><li style=\"font-weight: 400;\" aria-level=\"1\"><b>Sistemik Odak<\/b><\/li><\/ul><p><span style=\"font-weight: 400;\">\u00c7al\u0131\u015fmalar\u0131m sistemik-konstr\u00fcktivist yakla\u015f\u0131ma dayan\u0131r.\nOrganizasyon teorisi, grup dinamikleri, sosyoloji ve psikoloji alanlar\u0131ndaki bilgilerden yararlan\u0131r\u0131m.\nKat\u0131l\u0131mc\u0131lar, i\u00e7inde bulunduklar\u0131 sistemlerin kendi davran\u0131\u015flar\u0131n\u0131 nas\u0131l \u015fekillendirdi\u011fini fark eder ve bu yap\u0131lar\u0131 aktif, esnek ve durumsal olarak yeniden kurgulama becerisi kazan\u0131r.<\/span><\/p><ul><li style=\"font-weight: 400;\" aria-level=\"1\"><b>S\u00fcre\u00e7 Odakl\u0131l\u0131k<\/b><\/li><\/ul><p><span style=\"font-weight: 400;\">Kurumlar\u0131n ve kat\u0131l\u0131mc\u0131lar\u0131n ihtiya\u00e7lar\u0131, her a\u015famada planlama ve uygulamaya d\u00e2hil edilir.\nAma\u00e7, dinamik, kat\u0131l\u0131mc\u0131 ve s\u00fcrekli \u00f6\u011frenmeye a\u00e7\u0131k bir s\u00fcre\u00e7 yaratmakt\u0131r.<\/span><\/p><p><b>S\u00fcpervizyonun Plan\u0131 ve A\u015famalar\u0131\u00a0<\/b><\/p><ul><li aria-level=\"1\"><b>Tan\u0131\u015fma \u2013 T\u00fcm kat\u0131l\u0131mc\u0131larla tan\u0131\u015fma ve s\u00fcrece dair ilk izlenim<\/b><\/li><li><span style=\"font-weight: 400;\"> \u00c7er\u00e7evenin Belirlenmesi \u2013 \u0130\u015f birli\u011fi ko\u015fullar\u0131n\u0131n netle\u015ftirilmesi<\/span><\/li><li><span style=\"font-weight: 400;\"> Beklentilerin A\u00e7\u0131klanmas\u0131 \u2013 Ortak hedeflerin belirlenmesi<\/span><\/li><li><span style=\"font-weight: 400;\"> S\u00fcpervizyon Kavram\u0131n\u0131n Ortak Anla\u015f\u0131lmas\u0131<\/span><\/li><li><span style=\"font-weight: 400;\"> Zaman Planlamas\u0131 \u2013 Oturumlar\u0131n takvimi<br \/><\/span><\/li><li aria-level=\"1\"><b>S\u00fcpervizyonun Uygulanmas\u0131 \u2013 \u00c7e\u015fitli format ve y\u00f6ntemlerle hedeflerin i\u015flenmesi<\/b><\/li><\/ul><ul><li style=\"font-weight: 400;\" aria-level=\"1\"><span style=\"font-weight: 400;\">S\u00fcpervizyonun Uygulanmas\u0131<\/span><\/li><\/ul><p><b><br \/>De\u011ferlendirme ve Geri Bildirim<\/b><\/p><ul><li><span style=\"font-weight: 400;\"> Gerekli g\u00f6r\u00fcld\u00fc\u011f\u00fcnde i\u015f birli\u011finin geni\u015fletilmesi veya ek \u00e7al\u0131\u015fmalar\u0131n planlanmas\u0131 m\u00fcmk\u00fcnd\u00fcr.<\/span><\/li><\/ul><p><b><br \/>Neden S\u00fcpervizyon?<\/b><\/p><ul><li style=\"font-weight: 400;\" aria-level=\"1\"><span style=\"font-weight: 400;\">Geli\u015fim ve yans\u0131ma i\u00e7in<\/span><\/li><li style=\"font-weight: 400;\" aria-level=\"1\"><span style=\"font-weight: 400;\">Ekip olu\u015fturma ve ileti\u015fim i\u00e7in<\/span><\/li><li style=\"font-weight: 400;\" aria-level=\"1\"><span style=\"font-weight: 400;\">Y\u00f6nelim ve kalite g\u00fcvencesi i\u00e7in<\/span><\/li><li style=\"font-weight: 400;\" aria-level=\"1\"><span style=\"font-weight: 400;\">Kaynak geli\u015ftirme ve dayan\u0131kl\u0131l\u0131k (resilienz) i\u00e7in<\/span><\/li><\/ul><p><b><br \/>\u0130leti\u015fim:<\/b><\/p><p><span style=\"font-weight: 400;\">S\u00fcpervizyon deste\u011fi almak veya s\u00fcre\u00e7le ilgili sorular\u0131n\u0131z\u0131 payla\u015fmak isterseniz, benimle \u00e7ekinmeden ileti\u015fime ge\u00e7ebilirsiniz.\nS\u00fcpervizyon s\u00fcrecinde size Almanca ve\/veya T\u00fcrk\u00e7e olarak e\u015flik etmekten memnuniyet duyar\u0131m.<\/span><\/p>\t\t\t\t\t\t\t\t<\/div>\n\t\t\t\t<div class=\"elementor-element elementor-element-656ad87 elementor-widget elementor-widget-prelements-cf7\" data-id=\"656ad87\" data-element_type=\"widget\" data-widget_type=\"prelements-cf7.default\">\n\t\t\t\t<div class=\"elementor-widget-container\">\n\t\t\t\t\t\n<div class=\"wpcf7 no-js\" id=\"wpcf7-f793-o1\" lang=\"en-US\" dir=\"ltr\" data-wpcf7-id=\"793\">\n<div class=\"screen-reader-response\"><p role=\"status\" aria-live=\"polite\" aria-atomic=\"true\"><\/p> <ul><\/ul><\/div>\n<form action=\"\/tr\/wp-json\/wp\/v2\/pages\/762#wpcf7-f793-o1\" method=\"post\" class=\"wpcf7-form init\" aria-label=\"Contact form\" novalidate=\"novalidate\" data-status=\"init\" data-trp-original-action=\"\/tr\/wp-json\/wp\/v2\/pages\/762#wpcf7-f793-o1\">\n<fieldset class=\"hidden-fields-container\"><input type=\"hidden\" name=\"_wpcf7\" value=\"793\" \/><input type=\"hidden\" name=\"_wpcf7_version\" value=\"6.1.3\" \/><input type=\"hidden\" name=\"_wpcf7_locale\" value=\"en_US\" \/><input type=\"hidden\" name=\"_wpcf7_unit_tag\" value=\"wpcf7-f793-o1\" \/><input type=\"hidden\" name=\"_wpcf7_container_post\" value=\"0\" \/><input type=\"hidden\" name=\"_wpcf7_posted_data_hash\" value=\"\" \/>\n<\/fieldset>\n<div class=\"practice-areas-form\">\n\t<h3 class=\"widgettitle\">\u0130leti\u015fim\n\t<\/h3>\n\t<p><span class=\"wpcf7-form-control-wrap\" data-name=\"your-name\"><input size=\"40\" maxlength=\"400\" class=\"wpcf7-form-control wpcf7-text wpcf7-validates-as-required\" aria-required=\"true\" aria-invalid=\"false\" placeholder=\"\u0130sminiz\" value=\"\" type=\"text\" name=\"your-name\" \/><\/span><br \/>\n<span class=\"wpcf7-form-control-wrap\" data-name=\"your-email\"><input size=\"40\" maxlength=\"400\" class=\"wpcf7-form-control wpcf7-email wpcf7-validates-as-required wpcf7-text wpcf7-validates-as-email\" aria-required=\"true\" aria-invalid=\"false\" placeholder=\"E-Mail Adresiniz\" value=\"\" type=\"email\" name=\"your-email\" \/><\/span><br \/>\n<span class=\"wpcf7-form-control-wrap\" data-name=\"your-phone\"><input size=\"40\" maxlength=\"400\" class=\"wpcf7-form-control wpcf7-text wpcf7-validates-as-required\" aria-required=\"true\" aria-invalid=\"false\" placeholder=\"Telefon Numaran\u0131z\" value=\"\" type=\"text\" name=\"your-phone\" \/><\/span><br \/>\n<span class=\"wpcf7-form-control-wrap\" data-name=\"your-message\"><textarea cols=\"40\" rows=\"10\" maxlength=\"2000\" class=\"wpcf7-form-control wpcf7-textarea\" aria-invalid=\"false\" placeholder=\"Mesaj\u0131n\u0131z\" name=\"your-message\"><\/textarea><\/span><br \/>\n<span class=\"wpcf7-form-control-wrap\" data-name=\"acceptance-399\"><span class=\"wpcf7-form-control wpcf7-acceptance\"><span class=\"wpcf7-list-item\"><input type=\"checkbox\" name=\"acceptance-399\" value=\"1\" aria-invalid=\"false\" \/><\/span><\/span><\/span> Gizlilik politikas\u0131n\u0131 onayl\u0131yorum.\n\t<\/p>\n\t<p><input class=\"wpcf7-form-control wpcf7-submit has-spinner\" type=\"submit\" value=\"G\u00f6nder\" \/>\n\t<\/p>\n<\/div><div class=\"wpcf7-response-output\" aria-hidden=\"true\"><\/div>\n<input type=\"hidden\" name=\"trp-form-language\" value=\"tr\"\/><\/form>\n<\/div>\n\t\t\t\t<\/div>\n\t\t\t\t<\/div>\n\t\t\t\t\t<\/div>\n\t\t<\/div>\n\t\t\t\t\t<\/div>\n\t\t<\/section>\n\t\t\t\t<\/div>","protected":false},"excerpt":{"rendered":"<p>Supervision Reflexion \u2013 Verst\u00e4ndnis &#8211; Entwicklung\u00a0\u00a0 \u00dcberall, wo Menschen zusammenleben und zusammenarbeiten, spielen\u00a0menschliche Beziehungen eine wichtige Rolle. Sind diese Beziehungen durch Konflikte und Kommunikationsdefizite beeintr\u00e4chtigt, leidet die Qualit\u00e4t und die Effizienz der zwischenmenschlichen Verbindungen, ob privat oder beruflich.\u00a0 Supervision liefert in solchen F\u00e4llen ein Beratungsformat mit der M\u00f6glichkeit zur Reflexion und zur Entwicklung von konstruktiven L\u00f6sungsans\u00e4tzen. Es bietet den Teilnehmenden einen ganzheitlichen \u00dcberblick zu ihrer eigenen Situation und dient somit der Unterst\u00fctzung, Begleitung und Reflexion von privaten und beruflichen Prozessen. Supervision gibt die M\u00f6glichkeit, Abstand vom Alltag zu gewinnen und gemeinsam mit einer professionellen Fachkraft privates oder berufliches Handeln zu reflektieren. So k\u00f6nnen neue Perspektiven zu entwickelt, Ressourcen mobilisiert und neue Handlungsspielr\u00e4ume geschaffen werden. Supervision ist ideal f\u00fcr die Kl\u00e4rung von komplexen Prozessen, die Etablierung von konstruktiven Kommunikationsstrukturen, sowie die Qualit\u00e4tssicherung im privaten und beruflichen Umfeld.\u00a0 Supervisionsformate Fallsupervision:\u00a0 Arbeit an konkreten Beratungssituationen im Privat,- und\/oder Berufsleben Teamsupervision:\u00a0 Kl\u00e4rung von Teamprozessen, Reflexion von Rollen- und Beziehungsdynamiken, Verbesserung der Kooperation im Team bzw. mit Schnittstellen in der Organisation, Reflexion von Kommunikationsstrukturen, Konfliktfelder erkennen, bearbeiten, Ressourcen aktivieren und alternative L\u00f6sungsans\u00e4tze erarbeiten, Entwicklung von Organisationsprozessen, Qualit\u00e4tssicherung der Arbeit Einzelsupervision:\u00a0 Supervision mit Einzelpersonen bei privaten und\/oder beruflichen Herausforderungen\u00a0 Interkulturelle und interreligi\u00f6se Supervision: Die Pluralisierung unserer Gesellschaft sorgt in allen Lebensbereichen zunehmend f\u00fcr mehr Begegnungen zwischen unterschiedlichen Kulturen und Religionen. Ob in der Familie, in der Nachbarschaft, im Arbeitsleben oder in der \u00d6ffentlichkeit, wir sind alle auf ein friedliches und respektvolles Zusammenleben angewiesen. Hierbei k\u00f6nnen unter anderem Missverst\u00e4ndnisse, Vorurteile, Unkenntnis oder unbewusste Handlungsmuster zu zahlreichen Konflikten f\u00fchren, die einer Kl\u00e4rung bed\u00fcrfen. Zur \u00dcberwindung dieser Differenzen und f\u00fcr ein konstruktives und respektvolles Zusammenleben kann Supervision im interkulturellen oder interreligi\u00f6sen Kontext sehr hilfreich sein.\u00a0\u00a0 Supervision f\u00fcr Pflegefamilien: Pflegefamilien haben einen gesetzlichen Anspruch auf Beratung und Supervision. Pflegefamilien befinden sich in einer besonderen Situation und k\u00f6nnen mit diversen Herausforderungen konfrontiert sein. Im Spannungsfeld zwischen dem pers\u00f6nlichen Engagement, der Wertsch\u00e4tzung ihres gesellschaftlichen Beitrags und potenzieller Konflikte mit den beteiligten Personen und Institutionen im Pflegekinderwesen, gibt es zahlreiche Situationen f\u00fcr Pflegeeltern, in denen eine Supervision ma\u00dfgeblich zur Stabilisierung des Pflegeverh\u00e4ltnisses und zur Ressourcenmobilisierung beitragen kann.\u00a0\u00a0\u00a0 Bei der Supervision arbeite ich mit einem systemischen Ansatz, der: alle Beteiligten und ihre Standpunkte einbezieht, die strukturellen Rahmenbedingungen beachtet,\u00a0 die Ressourcen der Beteiligten ber\u00fccksichtigt, zeitgem\u00e4\u00df und innovativ Kl\u00e4rungsprozesse begleitet, Interkulturalit\u00e4t und Interreligi\u00f6sit\u00e4t beachtet Zusammenfassend bietet mein Ansatz: Ressourcenorientierung: Die Organisation und die Systembeteiligten erkennen ihre St\u00e4rken und wie sie diese gezielt in ihrer Arbeit zur Nutzung von Synergieeffekten und der Entwicklung ad\u00e4quater Handlungsoptionen einsetzen k\u00f6nnen. Systemische Orientierung: Meine Arbeit basiert auf dem systemisch-konstruktivistischen Ansatz. Ich beziehe mich hierbei unter anderem auf Erkenntnisse aus der Organisationstheorie, der Gruppentheorie, der Soziologie und der Psychologie. Die Organisation und die Systembeteiligten erkennen, dass sie sich innerhalb unterschiedlicher Systemstrukturen bewegen, die ihr Handeln pr\u00e4gen und leiten und welche sie gleichzeitig aktiv und situationsbezogen ausgestalten k\u00f6nnen. Prozessorientierung: Die Interessen und Bedarfe der Organisationen und der Systembeteiligten werden fortlaufend in die Planung und Umsetzung einbezogen. Planung und Ablauf der Supervision:\u00a0 Kennenlernen mit allen Beteiligten Abstimmung \u00fcber die Rahmenbedingungen der Zusammenarbeit Kl\u00e4rung der Erwartungen gemeinsames Verst\u00e4ndnis von Supervision entwickeln Terminplanung Durchf\u00fchrung der Supervision Unter Anwendung diverser Formate und Methoden werden die besprochenen Ziele angegangen. Auswertung und Evaluation Nach Bedarf: Erweiterung und Erg\u00e4nzung der weiteren Zusammenarbeit Warum Supervision? Zur Entwicklung und Reflexion Zur Teambuilding und Kommunikation Zur Orientierung und Qualit\u00e4tssicherung Zur Ressourcenentwicklung und Resilienz Kontakt: Wenn Sie eine Supervision in Anspruch nehmen m\u00f6chten oder Fragen haben, nehmen Sie gerne unverbindlich Kontakt auf. Ich freue mich darauf, Sie auf diesem Weg zur Supervision zu begleiten, in deutscher und\/oder t\u00fcrkischer Sprache. Kontakt Ich stimme dem Datenschutz zu.<\/p>","protected":false},"author":1,"featured_media":0,"parent":611,"menu_order":0,"comment_status":"closed","ping_status":"closed","template":"","meta":{"footnotes":""},"class_list":["post-762","page","type-page","status-publish","hentry"],"_links":{"self":[{"href":"https:\/\/costan-beratung.de\/tr\/wp-json\/wp\/v2\/pages\/762","targetHints":{"allow":["GET"]}}],"collection":[{"href":"https:\/\/costan-beratung.de\/tr\/wp-json\/wp\/v2\/pages"}],"about":[{"href":"https:\/\/costan-beratung.de\/tr\/wp-json\/wp\/v2\/types\/page"}],"author":[{"embeddable":true,"href":"https:\/\/costan-beratung.de\/tr\/wp-json\/wp\/v2\/users\/1"}],"replies":[{"embeddable":true,"href":"https:\/\/costan-beratung.de\/tr\/wp-json\/wp\/v2\/comments?post=762"}],"version-history":[{"count":20,"href":"https:\/\/costan-beratung.de\/tr\/wp-json\/wp\/v2\/pages\/762\/revisions"}],"predecessor-version":[{"id":6373,"href":"https:\/\/costan-beratung.de\/tr\/wp-json\/wp\/v2\/pages\/762\/revisions\/6373"}],"up":[{"embeddable":true,"href":"https:\/\/costan-beratung.de\/tr\/wp-json\/wp\/v2\/pages\/611"}],"wp:attachment":[{"href":"https:\/\/costan-beratung.de\/tr\/wp-json\/wp\/v2\/media?parent=762"}],"curies":[{"name":"wp","href":"https:\/\/api.w.org\/{rel}","templated":true}]}}