{"id":6394,"date":"2025-11-10T16:52:31","date_gmt":"2025-11-10T16:52:31","guid":{"rendered":"https:\/\/costan-beratung.de\/?page_id=6394"},"modified":"2026-01-11T13:26:23","modified_gmt":"2026-01-11T13:26:23","slug":"ueberblick","status":"publish","type":"page","link":"https:\/\/costan-beratung.de\/tr\/ueberblick\/","title":{"rendered":"Genel Bak\u0131\u015f"},"content":{"rendered":"<div data-elementor-type=\"wp-page\" data-elementor-id=\"6394\" class=\"elementor elementor-6394\">\n\t\t\t\t\t\t<section class=\"elementor-section elementor-top-section elementor-element elementor-element-3c3a643 elementor-section-stretched elementor-section-content-middle elementor-section-boxed elementor-section-height-default elementor-section-height-default wpr-particle-no wpr-jarallax-no wpr-parallax-no wpr-sticky-section-no\" data-id=\"3c3a643\" data-element_type=\"section\" data-settings=\"{&quot;stretch_section&quot;:&quot;section-stretched&quot;}\">\n\t\t\t\t\t\t<div class=\"elementor-container elementor-column-gap-default\">\n\t\t\t\t\t<div class=\"elementor-column elementor-col-100 elementor-top-column elementor-element elementor-element-8029aaa\" data-id=\"8029aaa\" data-element_type=\"column\">\n\t\t\t<div class=\"elementor-widget-wrap elementor-element-populated\">\n\t\t\t\t\t\t<div class=\"elementor-element elementor-element-c82d73a elementor-widget elementor-widget-prelements-heading\" data-id=\"c82d73a\" data-element_type=\"widget\" data-widget_type=\"prelements-heading.default\">\n\t\t\t\t<div class=\"elementor-widget-container\">\n\t\t\t\t\t\r\n        <div class=\"prelements-heading default animate-\">\r\n        \t<div class=\"title-inner\">        \t\t      \t\t\r\n\t            <h2 class=\"title\"><span class=\"watermark\"><\/span>Genel Bak\u0131\u015f<\/h2>\t\t\t\t\r\n\t\t\t\t\t        <\/div>\r\n\t                    \t<div class=\"description\">\r\n            \t\t<p class=\"p1\">Bir sosyal bilimci, s\u00fcperviz\u00f6r, arabulucu, ko\u00e7 ve dan\u0131\u015fman olarak, \u00f6zel ya\u015fam\u0131n\u0131zda veya i\u015f hayat\u0131n\u0131zda kar\u015f\u0131la\u015ft\u0131\u011f\u0131n\u0131z zorluklar ve \u00e7at\u0131\u015fmalarda size profesyonel destek sunuyorum.\nSize, kurumunuza veya organizasyonunuza \u2014 Almanca ve T\u00fcrk\u00e7e dillerinde \u2014 a\u015fa\u011f\u0131daki formatlarda dan\u0131\u015fmanl\u0131k ve rehberlik hizmeti veriyorum.<\/p><p class=\"p1\"><b>S\u00fcpervizyon<br \/><\/b>Bireyler, ekipler veya kurumlar i\u00e7in geli\u015ftirilen bir dan\u0131\u015fmanl\u0131k format\u0131d\u0131r.\nS\u00fcpervizyon, profesyonel rollerin ve sorumluluklar\u0131n de\u011ferlendirilmesini, mesleki sorunlar\u0131n ve \u00e7at\u0131\u015fmalar\u0131n ele al\u0131nmas\u0131n\u0131 ve yeni \u00e7\u00f6z\u00fcm yollar\u0131n\u0131n geli\u015ftirilmesini sa\u011flar.<\/p><p class=\"p1\"><b>Mediasyon<br \/><\/b>Arabuluculuk, g\u00f6n\u00fcll\u00fcl\u00fck esas\u0131na dayanan, yap\u0131land\u0131r\u0131lm\u0131\u015f bir \u00e7at\u0131\u015fma \u00e7\u00f6z\u00fcm s\u00fcrecidir.\nTaraflar, tarafs\u0131z bir arabulucunun rehberli\u011finde yap\u0131c\u0131, s\u00fcrd\u00fcr\u00fclebilir ve kar\u015f\u0131l\u0131kl\u0131 kabul edilebilir \u00e7\u00f6z\u00fcm yollar\u0131 geli\u015ftirir.<\/p><p class=\"p1\"><b>Ko\u00e7luk <br \/><\/b>Ko\u00e7luk, ki\u015fisel potansiyeli ve g\u00fc\u00e7l\u00fc y\u00f6nleri ke\u015ffetmek, eylem kapasitesini art\u0131rmak ve mesleki becerileri geli\u015ftirmek i\u00e7in en uygun y\u00f6ntemlerden biridir.\u00a0<\/p><p class=\"p1\"><b>Dan\u0131\u015fmanl\u0131k<br \/><\/b>Dan\u0131\u015fmanl\u0131k, ya\u015fam\u0131n veya i\u015f hayat\u0131n\u0131n farkl\u0131 alanlar\u0131nda destek ve y\u00f6nlendirme sa\u011flayan \u00f6nemli bir s\u00fcre\u00e7tir.\nAlternatif \u00e7\u00f6z\u00fcm yollar\u0131 geli\u015ftirmek, dayan\u0131kl\u0131l\u0131\u011f\u0131 (resilience) art\u0131rmak veya yeni bak\u0131\u015f a\u00e7\u0131lar\u0131 kazanmak i\u00e7in do\u011fru dan\u0131\u015fmanl\u0131k belirleyici olabilir.<\/p><div class=\"elementor-element elementor-element-21844b2 elementor-widget elementor-widget-text-editor\" data-id=\"21844b2\" data-element_type=\"widget\" data-widget_type=\"text-editor.default\"><h3 class=\"p1\"><span class=\"s1\"><b>Almanca ve T\u00fcrk\u00e7e Dillerinde Sunulan Hizmetler<\/b><\/span><\/h3><p class=\"p1\"><span class=\"s1\"><b>S\u00fcpervizyon<\/b><\/span><\/p><ul class=\"ul1\"><li class=\"li1\">Vaka S\u00fcpervizyonu<\/li><li class=\"li1\">Bireysel S\u00fcpervizyon<\/li><li class=\"li1\">Ekip S\u00fcpervizyonu<\/li><li class=\"li1\">K\u00fclt\u00fcrleraras\u0131 ve Dinleraras\u0131 S\u00fcpervizyon\u00a0<\/li><li class=\"li1\">Koruyucu Ebeveynler \u0130\u00e7in S\u00fcpervizyon ve Dan\u0131\u015fmanl\u0131k<br \/><b><br \/><\/b><b><\/b><\/li><\/ul><p class=\"p1\"><span class=\"s1\"><b>Mediasyon<\/b><\/span><\/p><ul class=\"ul1\"><li class=\"li1\">Bireyler Aras\u0131nda Arabuluculuk<\/li><li class=\"li1\">Ekip Mediasyonu<\/li><li class=\"li1\">Kurum ve Organizasyonlarda Arabuluculuk ve \u00c7at\u0131\u015fma \u00c7\u00f6z\u00fcm\u00fc<\/li><li class=\"li1\">K\u00fclt\u00fcrleraras\u0131 ve Dinleraras\u0131 Arabuluculuk<br \/><b><br \/><\/b><b><\/b><\/li><\/ul><p class=\"p1\"><span class=\"s1\"><b>Dan\u0131\u015fmanl\u0131k &amp; Ko\u00e7luk<\/b><b><\/b><\/span><\/p><ul class=\"ul1\"><li class=\"li2\">S\u00fcre\u00e7 Dan\u0131\u015fmanl\u0131\u011f\u0131 ve Kurumsal Geli\u015fim<\/li><li class=\"li1\">Dernek ve Network Geli\u015fimi<\/li><li class=\"li1\">(G\u00f6\u00e7men) Dernekler ve Kurumlar \u0130\u00e7in Dan\u0131\u015fmanl\u0131k<\/li><li class=\"li1\">K\u00fclt\u00fcrleraras\u0131 A\u00e7\u0131l\u0131m S\u00fcre\u00e7lerine Rehberlik<\/li><li class=\"li1\">Seminer, At\u00f6lye, B\u00fcy\u00fck Etkinlik ve Uzman Toplant\u0131lar\u0131n\u0131n Organizasyonu ve Moderasyonu<\/li><li class=\"li1\">Sivil Toplum Odakl\u0131 Politika Dan\u0131\u015fmanl\u0131\u011f\u0131<\/li><li class=\"li1\">Y\u00f6neticiler \u0130\u00e7in Ko\u00e7luk<\/li><li class=\"li1\">\u0130\u015f Ko\u00e7lu\u011fu ve Mesleki Y\u00f6nelim Dan\u0131\u015fmanl\u0131\u011f\u0131<\/li><li class=\"li1\">Beratung f\u00fcr Studierende zu wissenschaftlichen Forschungs, \u2013 und Abschlussarbeiten<\/li><li class=\"li1\">Konu\u015fma ve Hitap Metinlerinin Haz\u0131rlanmas\u0131 (T\u00fcrk\u00e7e \/ Almanca)<\/li><li class=\"li1\">Almanca-T\u00fcrk\u00e7e Terc\u00fcme Hizmetleri<\/li><\/ul><\/div><p>Sizden haber almay\u0131 ve birlikte ihtiyac\u0131n\u0131za en uygun dan\u0131\u015fmanl\u0131k format\u0131n\u0131 geli\u015ftirmeyi d\u00f6rt g\u00f6zle bekliyorum.<\/p>            \t\t\r\n            \t<\/div>\r\n        \t        <\/div>\r\n        \t\t\t\t<\/div>\n\t\t\t\t<\/div>\n\t\t\t\t<div class=\"elementor-element elementor-element-ccb21bd elementor-widget elementor-widget-prelements-cf7\" data-id=\"ccb21bd\" data-element_type=\"widget\" data-widget_type=\"prelements-cf7.default\">\n\t\t\t\t<div class=\"elementor-widget-container\">\n\t\t\t\t\t\n<div class=\"wpcf7 no-js\" id=\"wpcf7-f793-o1\" lang=\"en-US\" dir=\"ltr\" data-wpcf7-id=\"793\">\n<div class=\"screen-reader-response\"><p role=\"status\" aria-live=\"polite\" aria-atomic=\"true\"><\/p> <ul><\/ul><\/div>\n<form action=\"\/tr\/wp-json\/wp\/v2\/pages\/6394#wpcf7-f793-o1\" method=\"post\" class=\"wpcf7-form init\" aria-label=\"Contact form\" novalidate=\"novalidate\" data-status=\"init\" data-trp-original-action=\"\/tr\/wp-json\/wp\/v2\/pages\/6394#wpcf7-f793-o1\">\n<fieldset class=\"hidden-fields-container\"><input type=\"hidden\" name=\"_wpcf7\" value=\"793\" \/><input type=\"hidden\" name=\"_wpcf7_version\" value=\"6.1.3\" \/><input type=\"hidden\" name=\"_wpcf7_locale\" value=\"en_US\" \/><input type=\"hidden\" name=\"_wpcf7_unit_tag\" value=\"wpcf7-f793-o1\" \/><input type=\"hidden\" name=\"_wpcf7_container_post\" value=\"0\" \/><input type=\"hidden\" name=\"_wpcf7_posted_data_hash\" value=\"\" \/>\n<\/fieldset>\n<div class=\"practice-areas-form\">\n\t<h3 class=\"widgettitle\">\u0130leti\u015fim\n\t<\/h3>\n\t<p><span class=\"wpcf7-form-control-wrap\" data-name=\"your-name\"><input size=\"40\" maxlength=\"400\" class=\"wpcf7-form-control wpcf7-text wpcf7-validates-as-required\" aria-required=\"true\" aria-invalid=\"false\" placeholder=\"\u0130sminiz\" value=\"\" type=\"text\" name=\"your-name\" \/><\/span><br \/>\n<span class=\"wpcf7-form-control-wrap\" data-name=\"your-email\"><input size=\"40\" maxlength=\"400\" class=\"wpcf7-form-control wpcf7-email wpcf7-validates-as-required wpcf7-text wpcf7-validates-as-email\" aria-required=\"true\" aria-invalid=\"false\" placeholder=\"E-Mail Adresiniz\" value=\"\" type=\"email\" name=\"your-email\" \/><\/span><br \/>\n<span class=\"wpcf7-form-control-wrap\" data-name=\"your-phone\"><input size=\"40\" maxlength=\"400\" class=\"wpcf7-form-control wpcf7-text wpcf7-validates-as-required\" aria-required=\"true\" aria-invalid=\"false\" placeholder=\"Telefon Numaran\u0131z\" value=\"\" type=\"text\" name=\"your-phone\" \/><\/span><br \/>\n<span class=\"wpcf7-form-control-wrap\" data-name=\"your-message\"><textarea cols=\"40\" rows=\"10\" maxlength=\"2000\" class=\"wpcf7-form-control wpcf7-textarea\" aria-invalid=\"false\" placeholder=\"Mesaj\u0131n\u0131z\" name=\"your-message\"><\/textarea><\/span><br \/>\n<span class=\"wpcf7-form-control-wrap\" data-name=\"acceptance-399\"><span class=\"wpcf7-form-control wpcf7-acceptance\"><span class=\"wpcf7-list-item\"><input type=\"checkbox\" name=\"acceptance-399\" value=\"1\" aria-invalid=\"false\" \/><\/span><\/span><\/span> Gizlilik politikas\u0131n\u0131 onayl\u0131yorum.\n\t<\/p>\n\t<p><input class=\"wpcf7-form-control wpcf7-submit has-spinner\" type=\"submit\" value=\"G\u00f6nder\" \/>\n\t<\/p>\n<\/div><div class=\"wpcf7-response-output\" aria-hidden=\"true\"><\/div>\n<input type=\"hidden\" name=\"trp-form-language\" value=\"tr\"\/><\/form>\n<\/div>\n\t\t\t\t<\/div>\n\t\t\t\t<\/div>\n\t\t\t\t\t<\/div>\n\t\t<\/div>\n\t\t\t\t\t<\/div>\n\t\t<\/section>\n\t\t\t\t<section class=\"elementor-section elementor-top-section elementor-element elementor-element-fbdd918 elementor-section-stretched elementor-section-boxed elementor-section-height-default elementor-section-height-default wpr-particle-no wpr-jarallax-no wpr-parallax-no wpr-sticky-section-no\" data-id=\"fbdd918\" data-element_type=\"section\" data-settings=\"{&quot;stretch_section&quot;:&quot;section-stretched&quot;}\">\n\t\t\t\t\t\t<div class=\"elementor-container elementor-column-gap-default\">\n\t\t\t\t\t<div class=\"elementor-column elementor-col-100 elementor-top-column elementor-element elementor-element-249d9d7\" data-id=\"249d9d7\" data-element_type=\"column\">\n\t\t\t<div class=\"elementor-widget-wrap\">\n\t\t\t\t\t\t\t<\/div>\n\t\t<\/div>\n\t\t\t\t\t<\/div>\n\t\t<\/section>\n\t\t\t\t<\/div>","protected":false},"excerpt":{"rendered":"<p>\u00dcberblick Als Sozialwissenschaftler, Supervisor, Mediator, Coach und Berater unterst\u00fctze ich Sie bei Herausforderungen und Konflikten in ihrem Privatleben und im Berufsalltag. In deutscher und t\u00fcrkischer Sprache stehe ich Ihnen, ihrem Unternehmen oder Ihrer Organisation professionell und beratend mit folgenden Formaten zur Seite. Supervisionist ein Beratungsformat f\u00fcr Einzelpersonen, Teams oder Organisationen, das vorwiegend der Reflexion der beruflichen Rollen und Funktionen dient. Es werden haupts\u00e4chlich berufliche Probleme und Konflikte behandelt und neue L\u00f6sungsoptionen erarbeitet. Mediationist ein freiwilliges, strukturiertes Verfahren zur L\u00f6sung von Konflikten. Dabei werden die Konfliktparteien von einem allparteilichen Mediator professionell begleitet, damit sie konstruktive und tragf\u00e4hige L\u00f6sungsans\u00e4tze entwickeln k\u00f6nnen. Coaching ist besonders geeignet, um die eigenen St\u00e4rken und Potenziale zu entdecken und die Handlungsf\u00e4higkeit und Kompetenzen zu erh\u00f6hen.\u00a0 Beratungist eine wichtige Unterst\u00fctzungsform f\u00fcr diverse Lebens,- und Berufssituationen. Besonders um alternative Handlungsoptionen zu entwickeln oder die eigene Resilienz zu erh\u00f6hen kann die richtige Beratung entscheidend sein. Leistungen in deutscher und t\u00fcrkischer Sprache: Supervision Fallsupervision Einzelsupervision Teamsupervision Interkulturelle und interreligi\u00f6se Supervision\u00a0 Supervision &amp; Beratung f\u00fcr Pflegeeltern Mediation Mediation f\u00fcr Privatpersonen Teammediation Mediation und Konfliktkl\u00e4rung in Unternehmen und Organisationen Mediation in interkulturellen und interreligi\u00f6sen Kontexten Beratung &amp; Coaching Prozessbegleitung &amp; Organisationsentwicklung Verbands,- und Netzwerkentwicklung Beratung von (migrantischen) Vereinen und Verb\u00e4nden Begleitung interkultureller \u00d6ffnungsprozesse Organisation und Moderation von Seminaren, Workshops, Gro\u00dfevents und Fachtagungen Politikberatung mit zivilgesellschaftlichem Fokus Coaching f\u00fcr F\u00fchrungskr\u00e4fte Jobcoaching &amp; berufliche Orientierung Beratung f\u00fcr Studierende zu wissenschaftlichen Forschungs, \u2013 und Abschlussarbeiten Erstellung von Reden und Ansprachen (TR\/DE) \u00dcbersetzungsdienste Deutsch-T\u00fcrkisch Ich freue mich von Ihnen zu h\u00f6ren und gemeinsam mit Ihnen das passende Beratungsformat f\u00fcr Ihr Anliegen zu entwickeln. Kontakt Ich stimme dem Datenschutz zu.<\/p>","protected":false},"author":1,"featured_media":0,"parent":0,"menu_order":0,"comment_status":"closed","ping_status":"closed","template":"","meta":{"footnotes":""},"class_list":["post-6394","page","type-page","status-publish","hentry"],"_links":{"self":[{"href":"https:\/\/costan-beratung.de\/tr\/wp-json\/wp\/v2\/pages\/6394","targetHints":{"allow":["GET"]}}],"collection":[{"href":"https:\/\/costan-beratung.de\/tr\/wp-json\/wp\/v2\/pages"}],"about":[{"href":"https:\/\/costan-beratung.de\/tr\/wp-json\/wp\/v2\/types\/page"}],"author":[{"embeddable":true,"href":"https:\/\/costan-beratung.de\/tr\/wp-json\/wp\/v2\/users\/1"}],"replies":[{"embeddable":true,"href":"https:\/\/costan-beratung.de\/tr\/wp-json\/wp\/v2\/comments?post=6394"}],"version-history":[{"count":19,"href":"https:\/\/costan-beratung.de\/tr\/wp-json\/wp\/v2\/pages\/6394\/revisions"}],"predecessor-version":[{"id":6630,"href":"https:\/\/costan-beratung.de\/tr\/wp-json\/wp\/v2\/pages\/6394\/revisions\/6630"}],"wp:attachment":[{"href":"https:\/\/costan-beratung.de\/tr\/wp-json\/wp\/v2\/media?parent=6394"}],"curies":[{"name":"wp","href":"https:\/\/api.w.org\/{rel}","templated":true}]}}