{"id":5942,"date":"2019-05-06T06:38:13","date_gmt":"2019-05-06T06:38:13","guid":{"rendered":"http:\/\/localhost\/johnfirm\/?page_id=14"},"modified":"2025-11-19T12:10:05","modified_gmt":"2025-11-19T12:10:05","slug":"uber-mich","status":"publish","type":"page","link":"https:\/\/costan-beratung.de\/tr\/uber-mich\/","title":{"rendered":"Hakk\u0131mda"},"content":{"rendered":"<div data-elementor-type=\"wp-page\" data-elementor-id=\"5942\" class=\"elementor elementor-5942\">\n\t\t\t\t\t\t<section class=\"elementor-section elementor-top-section elementor-element elementor-element-3c3a643 elementor-section-stretched elementor-section-content-middle elementor-section-boxed elementor-section-height-default elementor-section-height-default wpr-particle-no wpr-jarallax-no wpr-parallax-no wpr-sticky-section-no\" data-id=\"3c3a643\" data-element_type=\"section\" data-settings=\"{&quot;stretch_section&quot;:&quot;section-stretched&quot;}\">\n\t\t\t\t\t\t<div class=\"elementor-container elementor-column-gap-default\">\n\t\t\t\t\t<div class=\"elementor-column elementor-col-33 elementor-top-column elementor-element elementor-element-b5b632a\" data-id=\"b5b632a\" data-element_type=\"column\">\n\t\t\t<div class=\"elementor-widget-wrap elementor-element-populated\">\n\t\t\t\t\t\t<div class=\"elementor-element elementor-element-6f059c8 elementor-widget elementor-widget-image\" data-id=\"6f059c8\" data-element_type=\"widget\" data-widget_type=\"image.default\">\n\t\t\t\t\t\t\t\t\t\t\t\t\t\t\t<img fetchpriority=\"high\" decoding=\"async\" width=\"746\" height=\"746\" src=\"https:\/\/costan-beratung.de\/wp-content\/uploads\/2025\/10\/DSC00695-2.jpg\" class=\"attachment-full size-full wp-image-6035\" alt=\"\" srcset=\"https:\/\/costan-beratung.de\/wp-content\/uploads\/2025\/10\/DSC00695-2.jpg 746w, https:\/\/costan-beratung.de\/wp-content\/uploads\/2025\/10\/DSC00695-2-300x300.jpg 300w, https:\/\/costan-beratung.de\/wp-content\/uploads\/2025\/10\/DSC00695-2-150x150.jpg 150w, https:\/\/costan-beratung.de\/wp-content\/uploads\/2025\/10\/DSC00695-2-270x270.jpg 270w, https:\/\/costan-beratung.de\/wp-content\/uploads\/2025\/10\/DSC00695-2-600x600.jpg 600w, https:\/\/costan-beratung.de\/wp-content\/uploads\/2025\/10\/DSC00695-2-100x100.jpg 100w\" sizes=\"(max-width: 746px) 100vw, 746px\" \/>\t\t\t\t\t\t\t\t\t\t\t\t\t\t\t<\/div>\n\t\t\t\t\t<\/div>\n\t\t<\/div>\n\t\t\t\t<div class=\"elementor-column elementor-col-66 elementor-top-column elementor-element elementor-element-8029aaa\" data-id=\"8029aaa\" data-element_type=\"column\">\n\t\t\t<div class=\"elementor-widget-wrap elementor-element-populated\">\n\t\t\t\t\t\t<div class=\"elementor-element elementor-element-c82d73a elementor-widget elementor-widget-prelements-heading\" data-id=\"c82d73a\" data-element_type=\"widget\" data-widget_type=\"prelements-heading.default\">\n\t\t\t\t<div class=\"elementor-widget-container\">\n\t\t\t\t\t\r\n        <div class=\"prelements-heading default animate-\">\r\n        \t<div class=\"title-inner\">        \t\t      \t\t\r\n\t            <span class=\"sub-text\">Sosyal Bilimci, S\u00fcperviz\u00f6r, Arabulucu ve Ko\u00e7 - DE\/TR<\/span><h2 class=\"title\"><span class=\"watermark\"><\/span>      \u00d6nder Costan<\/h2>\t\t\t\t\r\n\t\t\t\t\t        <\/div>\r\n\t                    \t<div class=\"description\">\r\n            \t\t<p><span style=\"font-weight: 400\">Farkl\u0131 ya\u015fam ve \u00e7al\u0131\u015fma ko\u015fullar\u0131nda \u00e7at\u0131\u015fmalarla ve zorluklarla kar\u015f\u0131la\u015fan insanlara destek olmak, benim ki\u015fisel misyonumdur. <br \/><br \/>Toplumumuzun \u00e7e\u015fitlili\u011fine duyulan sayg\u0131 ve her insana g\u00f6sterilen h\u00fcrmet, ya\u015fam\u0131m\u0131n ve mesleki felsefemin temel ilkelerindendir. \u00d6zel ki\u015filer, i\u015fletmeler ve kurumlara; \u00e7at\u0131\u015fma durumlar\u0131nda, de\u011fi\u015fim s\u00fcre\u00e7lerinde veya di\u011fer karma\u015f\u0131k zorluklarda dan\u0131\u015fmanl\u0131k ve rehberlik konular\u0131nda geni\u015f bir deneyime sahibim. Toplumun farkl\u0131 alanlar\u0131nda uzun y\u0131llara dayanan \u00e7al\u0131\u015fmalar\u0131m sayesinde, \u00f6zellikle k\u00fclt\u00fcrleraras\u0131 ve dinleraras\u0131 ba\u011flamlarda ileti\u015fim ve kar\u015f\u0131l\u0131kl\u0131 anlay\u0131\u015f k\u00f6pr\u00fcleri kurabilmek i\u00e7in sa\u011flam bir bilgi birikimi ve uygulama becerisi geli\u015ftirdim. Hizmetlerimi Almanca ve T\u00fcrk\u00e7e dillerinde sunuyorum.\u00a0<br \/><br \/><\/span><span style=\"font-weight: 400\">Profesyonel yakla\u015f\u0131m\u0131m, ileti\u015fime dayal\u0131 ve sistemik bir anlay\u0131\u015f \u00fczerine kuruludur. Amac\u0131m, t\u00fcm taraflar i\u00e7in s\u00fcrd\u00fcr\u00fclebilir geli\u015fim ve yap\u0131c\u0131 \u00e7\u00f6z\u00fcmler sa\u011flamakt\u0131r - her zaman rollerine, sorumluluklar\u0131na ve i\u00e7inde bulunduklar\u0131 ba\u011flama sayg\u0131 g\u00f6stererek.<\/span><\/p>            \t\t\r\n            \t<\/div>\r\n        \t        <\/div>\r\n        \t\t\t\t<\/div>\n\t\t\t\t<\/div>\n\t\t\t\t\t<\/div>\n\t\t<\/div>\n\t\t\t\t\t<\/div>\n\t\t<\/section>\n\t\t\t\t<section class=\"elementor-section elementor-top-section elementor-element elementor-element-fbdd918 elementor-section-stretched elementor-section-boxed elementor-section-height-default elementor-section-height-default wpr-particle-no wpr-jarallax-no wpr-parallax-no wpr-sticky-section-no\" data-id=\"fbdd918\" data-element_type=\"section\" data-settings=\"{&quot;stretch_section&quot;:&quot;section-stretched&quot;}\">\n\t\t\t\t\t\t<div class=\"elementor-container elementor-column-gap-default\">\n\t\t\t\t\t<div class=\"elementor-column elementor-col-100 elementor-top-column elementor-element elementor-element-249d9d7\" data-id=\"249d9d7\" data-element_type=\"column\">\n\t\t\t<div class=\"elementor-widget-wrap elementor-element-populated\">\n\t\t\t\t\t\t<section class=\"elementor-section elementor-inner-section elementor-element elementor-element-686cb96 elementor-section-boxed elementor-section-height-default elementor-section-height-default wpr-particle-no wpr-jarallax-no wpr-parallax-no wpr-sticky-section-no\" data-id=\"686cb96\" data-element_type=\"section\" data-settings=\"{&quot;background_background&quot;:&quot;classic&quot;}\">\n\t\t\t\t\t\t<div class=\"elementor-container elementor-column-gap-default\">\n\t\t\t\t\t<div class=\"elementor-column elementor-col-50 elementor-inner-column elementor-element elementor-element-45684e1\" data-id=\"45684e1\" data-element_type=\"column\">\n\t\t\t<div class=\"elementor-widget-wrap elementor-element-populated\">\n\t\t\t\t\t\t<div class=\"elementor-element elementor-element-decc419 elementor-widget elementor-widget-prelements-heading\" data-id=\"decc419\" data-element_type=\"widget\" data-widget_type=\"prelements-heading.default\">\n\t\t\t\t<div class=\"elementor-widget-container\">\n\t\t\t\t\t\r\n        <div class=\"prelements-heading style4 animate- left\">\r\n        \t<div class=\"title-inner\">        \t\t      \t\t\r\n\t            <span class=\"sub-text\">Ki\u015fisel \u00d6zge\u00e7mi\u015fim<\/span><h2 class=\"title\"><span class=\"watermark\"><\/span>Ki\u015fisel \u00d6zge\u00e7mi\u015fim<\/h2>\t\t\t\t\r\n\t\t\t\t\t        <\/div>\r\n\t                    \t<div class=\"description\">\r\n            \t\t<ul><li style=\"font-weight: 400\"><span style=\"font-weight: 400\">G\u00f6\u00e7men i\u015fletme derneklerinde y\u00f6netim tecr\u00fcbesi<\/span><\/li><li style=\"font-weight: 400\"><span style=\"font-weight: 400\">\u00c7ocuk ve gen\u00e7lik hizmetlerinde uzun y\u0131llara dayanan \u00e7al\u0131\u015fma deneyimi\u00a0<\/span><\/li><li style=\"font-weight: 400\"><span style=\"font-weight: 400\">Koruyucu ebeveynlik ve koruma alt\u0131ndaki \u00e7ocuklar i\u00e7in yasal vasilik<\/span><\/li><li style=\"font-weight: 400\"><span style=\"font-weight: 400\">\u00dcniversite \u00f6\u011fretim g\u00f6revlili\u011fi ve yabanc\u0131 \u00f6\u011frenciler i\u00e7in dan\u0131\u015fmanl\u0131k<\/span><\/li><li style=\"font-weight: 400\"><span style=\"font-weight: 400\">Sivil toplum kurulu\u015flar\u0131nda y\u00f6netim kurulu ve dernek \u00e7al\u0131\u015fmalar\u0131<\/span><\/li><li style=\"font-weight: 400\"><span style=\"font-weight: 400\">Sosyal hizmet alan\u0131nda y\u00f6neticilik g\u00f6revleri<\/span><\/li><li style=\"font-weight: 400\"><span style=\"font-weight: 400\">Politika dan\u0131\u015fmanl\u0131\u011f\u0131<\/span><\/li><li style=\"font-weight: 400\"><span style=\"font-weight: 400\">\u00c7e\u015fitli sosyal ve toplumsal giri\u015fimlerde aktif rol<\/span><\/li><\/ul>            \t\t\r\n            \t<\/div>\r\n        \t        <\/div>\r\n        \t\t\t\t<\/div>\n\t\t\t\t<\/div>\n\t\t\t\t<div class=\"elementor-element elementor-element-e1eeeb2 elementor-widget elementor-widget-prelements-heading\" data-id=\"e1eeeb2\" data-element_type=\"widget\" data-widget_type=\"prelements-heading.default\">\n\t\t\t\t<div class=\"elementor-widget-container\">\n\t\t\t\t\t\r\n        <div class=\"prelements-heading style4 animate- left\">\r\n        \t<div class=\"title-inner\">        \t\t      \t\t\r\n\t            <h2 class=\"title\"><span class=\"watermark\"><\/span>Mitgliedschaften:<\/h2>\t\t\t\t\r\n\t\t\t\t\t        <\/div>\r\n\t                <\/div>\r\n        \t\t\t\t<\/div>\n\t\t\t\t<\/div>\n\t\t\t\t<div class=\"elementor-element elementor-element-1975af4 elementor-widget elementor-widget-image\" data-id=\"1975af4\" data-element_type=\"widget\" data-widget_type=\"image.default\">\n\t\t\t\t\t\t\t\t\t\t\t\t\t\t\t<img decoding=\"async\" width=\"640\" height=\"165\" src=\"https:\/\/costan-beratung.de\/wp-content\/uploads\/2025\/11\/Mitgliedschaften-1024x264.jpeg\" class=\"attachment-large size-large wp-image-6556\" alt=\"\" srcset=\"https:\/\/costan-beratung.de\/wp-content\/uploads\/2025\/11\/Mitgliedschaften-1024x264.jpeg 1024w, https:\/\/costan-beratung.de\/wp-content\/uploads\/2025\/11\/Mitgliedschaften-300x77.jpeg 300w, https:\/\/costan-beratung.de\/wp-content\/uploads\/2025\/11\/Mitgliedschaften-768x198.jpeg 768w, https:\/\/costan-beratung.de\/wp-content\/uploads\/2025\/11\/Mitgliedschaften-18x5.jpeg 18w, https:\/\/costan-beratung.de\/wp-content\/uploads\/2025\/11\/Mitgliedschaften.jpeg 1248w\" sizes=\"(max-width: 640px) 100vw, 640px\" \/>\t\t\t\t\t\t\t\t\t\t\t\t\t\t\t<\/div>\n\t\t\t\t\t<\/div>\n\t\t<\/div>\n\t\t\t\t<div class=\"elementor-column elementor-col-50 elementor-inner-column elementor-element elementor-element-3545c0c\" data-id=\"3545c0c\" data-element_type=\"column\" data-settings=\"{&quot;background_background&quot;:&quot;classic&quot;}\">\n\t\t\t<div class=\"elementor-widget-wrap elementor-element-populated\">\n\t\t\t\t\t\t<div class=\"elementor-element elementor-element-e14d15f elementor-widget elementor-widget-prelements-heading\" data-id=\"e14d15f\" data-element_type=\"widget\" data-widget_type=\"prelements-heading.default\">\n\t\t\t\t<div class=\"elementor-widget-container\">\n\t\t\t\t\t\r\n        <div class=\"prelements-heading style4 animate- left\">\r\n        \t<div class=\"title-inner\">        \t\t      \t\t\r\n\t            <span class=\"sub-text\">Mesleki Niteliklerim<\/span><h2 class=\"title\"><span class=\"watermark\"><\/span>Mesleki Niteliklerim<\/h2>\t\t\t\t\r\n\t\t\t\t\t        <\/div>\r\n\t                    \t<div class=\"description\">\r\n            \t\t<ul><li>Sosyal Bilimler E\u011fitimi \u2013 Humboldt \u00dcniversitesi, Berlin<\/li><li>S\u00fcpervizyon E\u011fitimi (Sertifikal\u0131) \u2013 ikome, Steinbeis Akademisi<\/li><li>Ko\u00e7luk E\u011fitimi (Sertifikal\u0131) \u2013 ckd consulting<\/li><li>Mediasyon (Arabuluculuk) E\u011fitimi (Sertifikal\u0131) \u2013 Streitentknoten GmbH<\/li><li>Kurumsal Geli\u015fim<\/li><li>Politika Dan\u0131\u015fmanl\u0131\u011f\u0131 (Sertifikal\u0131) \u2013 Humboldt \u00dcniversitesi, Berlin<\/li><\/ul>            \t\t\r\n            \t<\/div>\r\n        \t        <\/div>\r\n        \t\t\t\t<\/div>\n\t\t\t\t<\/div>\n\t\t\t\t<div class=\"elementor-element elementor-element-176c36e elementor-widget elementor-widget-image\" data-id=\"176c36e\" data-element_type=\"widget\" data-widget_type=\"image.default\">\n\t\t\t\t\t\t\t\t\t\t\t\t\t\t\t<img decoding=\"async\" width=\"640\" height=\"640\" src=\"https:\/\/costan-beratung.de\/wp-content\/uploads\/2025\/11\/Siegel_Steinbeis_Superisor_blau-1024x1024.png\" class=\"attachment-large size-large wp-image-6242\" alt=\"\" srcset=\"https:\/\/costan-beratung.de\/wp-content\/uploads\/2025\/11\/Siegel_Steinbeis_Superisor_blau-1024x1024.png 1024w, https:\/\/costan-beratung.de\/wp-content\/uploads\/2025\/11\/Siegel_Steinbeis_Superisor_blau-300x300.png 300w, https:\/\/costan-beratung.de\/wp-content\/uploads\/2025\/11\/Siegel_Steinbeis_Superisor_blau-150x150.png 150w, https:\/\/costan-beratung.de\/wp-content\/uploads\/2025\/11\/Siegel_Steinbeis_Superisor_blau-768x767.png 768w, https:\/\/costan-beratung.de\/wp-content\/uploads\/2025\/11\/Siegel_Steinbeis_Superisor_blau-270x270.png 270w, https:\/\/costan-beratung.de\/wp-content\/uploads\/2025\/11\/Siegel_Steinbeis_Superisor_blau.png 1504w\" sizes=\"(max-width: 640px) 100vw, 640px\" \/>\t\t\t\t\t\t\t\t\t\t\t\t\t\t\t<\/div>\n\t\t\t\t\t<\/div>\n\t\t<\/div>\n\t\t\t\t\t<\/div>\n\t\t<\/section>\n\t\t\t\t\t<\/div>\n\t\t<\/div>\n\t\t\t\t\t<\/div>\n\t\t<\/section>\n\t\t\t\t<\/div>","protected":false},"excerpt":{"rendered":"<p>Sozialwissenschaftler, Supervisor, Mediator und Coach &#8211; DE\/TR \u00d6nder Costan Es ist mein pers\u00f6nliches Anliegen, Menschen bei Konflikten und Herausforderungen in ihren unterschiedlichen Lebens- und Arbeitssituationen zu unterst\u00fctzen. Die Wertsch\u00e4tzung der Vielfalt unserer Gesellschaft und der Respekt vor jedem Menschen sind dabei wesentliche Grunds\u00e4tze meines Lebens und meiner Berufsphilosophie. Ich verf\u00fcge \u00fcber umfassende Erfahrungen in Beratung und Begleitung von Privatpersonen, Unternehmen und Organisationen in diversen Konfliktsituationen, bei Ver\u00e4nderungsprozessen oder anderen komplexen Herausforderungen. Durch meine langj\u00e4hrige T\u00e4tigkeit in zahlreichen, gesellschaftlichen Bereichen, kann ich ein fundiertes Wissen und praxisnahe Handlungskompetenzen aufweisen, um insbesondere auch in interkulturellen und interreligi\u00f6sen Kontexten Br\u00fccken zum Austausch und zur Verst\u00e4ndigung zu bauen. Ich biete meine Dienstleistungen in deutscher und t\u00fcrkischer Sprache an.\u00a0 Meine berufliche Haltung basiert auf einem kommunikativen und systemischen Ansatz mit dem Ziel, nachhaltige Entwicklungen und konstruktive L\u00f6sungen f\u00fcr alle Beteiligten zu erm\u00f6glichen \u2013 stets mit Respekt vor ihren Rollen, Funktionen und dem Gesamtkontext. Pers\u00f6nlicher Hintergrund Pers\u00f6nlicher Hintergrund Gesch\u00e4ftsf\u00fchrung in migrantischen Unternehmensverb\u00e4nden Langj\u00e4hrige T\u00e4tigkeit in der Kinder- und Jugendhilfe\u00a0 Pflegeelternschaft und rechtliche Vormundschaft f\u00fcr Pflegekinder Hochschullehre und Beratung f\u00fcr ausl\u00e4ndische Studierende Vorstands- und Vereinsarbeit in gemeinn\u00fctzigen Organisationen Leitungsfunktionen in der Sozialwirtschaft Politikberatung Diverse soziale und gesellschaftliche Initiativen. Mitgliedschaften: Fachliche Qualifikationen Fachliche Qualifikationen Studium der Sozialwissenschaften (Humboldt-Universit\u00e4t zu Berlin) Studium der Supervision, zertifiziert (ikome \u2013 Steinbeis Akademie) Coach, zertifiziert (ckd consulting) Mediationsausbildung, zertifiziert (Streitentknoten GmbH) Organisationsentwicklung Politikberatung, zertifiziert (Humboldt-Universit\u00e4t zu Berlin)<\/p>","protected":false},"author":1,"featured_media":0,"parent":0,"menu_order":0,"comment_status":"closed","ping_status":"closed","template":"","meta":{"footnotes":""},"class_list":["post-5942","page","type-page","status-publish","hentry"],"_links":{"self":[{"href":"https:\/\/costan-beratung.de\/tr\/wp-json\/wp\/v2\/pages\/5942","targetHints":{"allow":["GET"]}}],"collection":[{"href":"https:\/\/costan-beratung.de\/tr\/wp-json\/wp\/v2\/pages"}],"about":[{"href":"https:\/\/costan-beratung.de\/tr\/wp-json\/wp\/v2\/types\/page"}],"author":[{"embeddable":true,"href":"https:\/\/costan-beratung.de\/tr\/wp-json\/wp\/v2\/users\/1"}],"replies":[{"embeddable":true,"href":"https:\/\/costan-beratung.de\/tr\/wp-json\/wp\/v2\/comments?post=5942"}],"version-history":[{"count":32,"href":"https:\/\/costan-beratung.de\/tr\/wp-json\/wp\/v2\/pages\/5942\/revisions"}],"predecessor-version":[{"id":6583,"href":"https:\/\/costan-beratung.de\/tr\/wp-json\/wp\/v2\/pages\/5942\/revisions\/6583"}],"wp:attachment":[{"href":"https:\/\/costan-beratung.de\/tr\/wp-json\/wp\/v2\/media?parent=5942"}],"curies":[{"name":"wp","href":"https:\/\/api.w.org\/{rel}","templated":true}]}}