{"id":372,"date":"2019-05-13T04:43:14","date_gmt":"2019-05-13T04:43:14","guid":{"rendered":"http:\/\/192.168.0.114\/johnfirm\/?page_id=372"},"modified":"2025-11-22T11:48:08","modified_gmt":"2025-11-22T11:48:08","slug":"supervision-fur-pflegeeltern","status":"publish","type":"page","link":"https:\/\/costan-beratung.de\/tr\/leistungen\/supervision-fur-pflegeeltern\/","title":{"rendered":"Koruyucu Aileler i\u00e7in S\u00fcpervizyon"},"content":{"rendered":"<div data-elementor-type=\"wp-page\" data-elementor-id=\"372\" class=\"elementor elementor-372\">\n\t\t\t\t\t\t<section class=\"elementor-section elementor-top-section elementor-element elementor-element-1740ac9 elementor-section-full_width elementor-section-height-default elementor-section-height-default wpr-particle-no wpr-jarallax-no wpr-parallax-no wpr-sticky-section-no\" data-id=\"1740ac9\" data-element_type=\"section\">\n\t\t\t\t\t\t<div class=\"elementor-container elementor-column-gap-default\">\n\t\t\t\t\t<div class=\"elementor-column elementor-col-100 elementor-top-column elementor-element elementor-element-6563de2\" data-id=\"6563de2\" data-element_type=\"column\">\n\t\t\t<div class=\"elementor-widget-wrap elementor-element-populated\">\n\t\t\t\t<div class=\"elementor-element elementor-element-8cc0d0c e-grid e-con-boxed wpr-particle-no wpr-jarallax-no wpr-parallax-no wpr-sticky-section-no e-con e-parent\" data-id=\"8cc0d0c\" data-element_type=\"container\">\n\t\t\t\t\t<div class=\"e-con-inner\">\n\t\t\t\t<div class=\"elementor-element elementor-element-32ea3db elementor-widget elementor-widget-image\" data-id=\"32ea3db\" data-element_type=\"widget\" data-widget_type=\"image.default\">\n\t\t\t\t\t\t\t\t\t\t\t\t\t\t\t<img fetchpriority=\"high\" decoding=\"async\" width=\"640\" height=\"640\" src=\"https:\/\/costan-beratung.de\/wp-content\/uploads\/2025\/10\/AdobeStock_1246691007-2.jpg\" class=\"attachment-large size-large wp-image-6033\" alt=\"\" srcset=\"https:\/\/costan-beratung.de\/wp-content\/uploads\/2025\/10\/AdobeStock_1246691007-2.jpg 746w, https:\/\/costan-beratung.de\/wp-content\/uploads\/2025\/10\/AdobeStock_1246691007-2-300x300.jpg 300w, https:\/\/costan-beratung.de\/wp-content\/uploads\/2025\/10\/AdobeStock_1246691007-2-150x150.jpg 150w, https:\/\/costan-beratung.de\/wp-content\/uploads\/2025\/10\/AdobeStock_1246691007-2-270x270.jpg 270w, https:\/\/costan-beratung.de\/wp-content\/uploads\/2025\/10\/AdobeStock_1246691007-2-600x600.jpg 600w, https:\/\/costan-beratung.de\/wp-content\/uploads\/2025\/10\/AdobeStock_1246691007-2-100x100.jpg 100w\" sizes=\"(max-width: 640px) 100vw, 640px\" \/>\t\t\t\t\t\t\t\t\t\t\t\t\t\t\t<\/div>\n\t\t\t\t<div class=\"elementor-element elementor-element-7f43078 elementor-widget elementor-widget-text-editor\" data-id=\"7f43078\" data-element_type=\"widget\" data-widget_type=\"text-editor.default\">\n\t\t\t\t\t\t\t\t\t<h3><b>Koruyucu Aileler i\u00e7in S\u00fcpervizyon<br \/><\/b><b style=\"font-size: 20px;\">De\u011fer verme \u2013 Rehberlik \u2013 Empati\u00a0\u00a0<\/b><\/h3><p><span style=\"font-weight: 400;\">Koruyucu aileler, \u00e7ocuk ve gen\u00e7lik hizmetleri kapsam\u0131nda son derece \u00f6nemli bir toplumsal g\u00f6rev \u00fcstlenirler. Bu nedenle \u00f6zel bir takdiri ve sayg\u0131y\u0131 hak ederler. Ancak koruyucu aileler i\u00e7in ya\u015fam ayn\u0131 zamanda olduk\u00e7a zorlay\u0131c\u0131 olabilir. Bu g\u00f6rev; y\u00fcksek d\u00fczeyde empati, sab\u0131r, enerji, sa\u011fduyu ve \u00e7o\u011fu zaman da bir miktar s\u00fckunet gerektirir.\n\nAile ya\u015fam\u0131 ile gen\u00e7lik hizmetlerinin e\u011fitimsel sorumlulu\u011fu aras\u0131ndaki karma\u015f\u0131k denge i\u00e7inde, koruyucu ebeveynler \u00e7e\u015fitli zorluklar ve \u00e7at\u0131\u015fmalarla kar\u015f\u0131 kar\u015f\u0131ya kalabilirler. B\u00f6yle durumlarda, s\u00fcpervizyon \u015feklinde sunulan destekleyici bir dan\u0131\u015fmanl\u0131k, koruyucu aile ili\u015fkisinin istikrar\u0131na ve mevcut kaynaklar\u0131n harekete ge\u00e7irilmesine \u00f6nemli \u00f6l\u00e7\u00fcde katk\u0131 sa\u011flayabilir.\n\nG\u00fcvenli ve gizli bir s\u00fcpervizyon ortam\u0131nda, koruyucu ebeveynler g\u00fcnl\u00fck zorluklar\u0131n\u0131, y\u00fcklerini ve \u00e7at\u0131\u015fmalar\u0131n\u0131 profesyonel bir rehberlik e\u015fli\u011finde de\u011ferlendirebilir ve \u00e7\u00f6z\u00fcmleyebilirler. Bu sayede hem e\u011fitimsel g\u00f6revleri hem aile i\u00e7i ya\u015famlar\u0131 hem de koruyucu ebeveynlerin motivasyonu g\u00fc\u00e7lenir ve geli\u015fir.\n\nUzun y\u0131llard\u0131r koruyucu baba ve vasi olarak edindi\u011fim ki\u015fisel deneyim ve yetkinlikler sayesinde, sizi ve i\u00e7inde bulundu\u011funuz durumu \u00f6zellikle iyi anlayabiliyorum.\u00a0<\/span><\/p>\t\t\t\t\t\t\t\t<\/div>\n\t\t\t\t\t<\/div>\n\t\t\t\t<\/div>\n\t\t\t\t<div class=\"elementor-element elementor-element-8e6ef18 elementor-widget elementor-widget-text-editor\" data-id=\"8e6ef18\" data-element_type=\"widget\" data-widget_type=\"text-editor.default\">\n\t\t\t\t\t\t\t\t\t<p>SGB VIII\u2019in 33. maddesi uyar\u0131nca bir ya da birden fazla \u00e7ocu\u011fa s\u00fcrekli, k\u0131sa s\u00fcreli veya akraba bak\u0131m\u0131nda destek sa\u011flayan koruyucu aileler, ayn\u0131 kanunun 37. maddesine g\u00f6re dan\u0131\u015fmanl\u0131k, destek ve profesyonel rehberlik hizmetlerinden yararlanma hakk\u0131na sahiptir.&nbsp;<\/p>\n<p><b>Koruyucu Aileler \u0130\u00e7in S\u00fcpervizyonun Ama\u00e7lar\u0131<\/b><\/p>\n<ul>\n<li style=\"font-weight: 400;\" aria-level=\"1\"><span style=\"font-weight: 400;\">Koruyucu ebeveynlerin g\u00fc\u00e7lenmesi ve rahatlamas\u0131<\/span><\/li>\n<li style=\"font-weight: 400;\" aria-level=\"1\"><span style=\"font-weight: 400;\">Bak\u0131m kalitesinin g\u00fcvence alt\u0131na al\u0131nmas\u0131<\/span><\/li>\n<li style=\"font-weight: 400;\" aria-level=\"1\"><span style=\"font-weight: 400;\">G\u00fc\u00e7l\u00fc ve s\u00fcrd\u00fcr\u00fclebilir ili\u015fkilerin desteklenmesi<br><br><\/span><\/li>\n<\/ul>\n<p><b>Koruyucu Aileler \u0130\u00e7in S\u00fcpervizyonun \u0130\u00e7erikleri&nbsp;<\/b><\/p>\n<p><b>Koruyucu Ailelerin Rol\u00fc<\/b><\/p>\n<ul>\n<li style=\"font-weight: 400;\" aria-level=\"1\"><span style=\"font-weight: 400;\">Ebeveynlik ile e\u011fitim sorumlulu\u011fu aras\u0131ndaki rol netli\u011fi<\/span><\/li>\n<li style=\"font-weight: 400;\" aria-level=\"1\"><span style=\"font-weight: 400;\">Ki\u015fisel motivasyon ve tutum<\/span><\/li>\n<li style=\"font-weight: 400;\" aria-level=\"1\"><span style=\"font-weight: 400;\">\u00c7ocu\u011fa ve kendine y\u00f6nelik beklentiler<br><br><\/span><\/li>\n<\/ul>\n<p><b>\u0130leti\u015fim ve \u0130li\u015fki Y\u00f6netimi<\/b><\/p>\n<ul>\n<li style=\"font-weight: 400;\" aria-level=\"1\"><span style=\"font-weight: 400;\">Koruyucu \u00e7ocukla ili\u015fkiyi g\u00fc\u00e7lendirme<\/span><\/li>\n<li style=\"font-weight: 400;\" aria-level=\"1\"><span style=\"font-weight: 400;\">Yak\u0131nl\u0131k ve mesafe dengesi<\/span><\/li>\n<li style=\"font-weight: 400;\" aria-level=\"1\"><span style=\"font-weight: 400;\">Aile i\u00e7i ileti\u015fim<\/span><\/li>\n<li style=\"font-weight: 400;\" aria-level=\"1\"><span style=\"font-weight: 400;\">\u00c7at\u0131\u015fma \u00e7\u00f6z\u00fcm\u00fc ve fark\u0131ndal\u0131k temelli ileti\u015fim<br><br><\/span><\/li>\n<\/ul>\n<p><b>Biyolojik Aile ile \u0130li\u015fki<\/b><\/p>\n<ul>\n<li style=\"font-weight: 400;\" aria-level=\"1\"><span style=\"font-weight: 400;\">\u00c7ocu\u011fun sadakat \u00e7at\u0131\u015fmalar\u0131<\/span><\/li>\n<li style=\"font-weight: 400;\" aria-level=\"1\"><span style=\"font-weight: 400;\">Biyolojik aileyle temas\u0131n s\u0131n\u0131rlar\u0131 ve olanaklar\u0131<\/span><\/li>\n<li style=\"font-weight: 400;\" aria-level=\"1\"><span style=\"font-weight: 400;\">Gen\u00e7lik daireleri, kurumlar ve di\u011fer payda\u015flarla i\u015f birli\u011fi<\/span><\/li>\n<li style=\"font-weight: 400;\" aria-level=\"1\"><span style=\"font-weight: 400;\">\u0130leti\u015fim y\u00f6netiminde zorluklar ve \u00e7\u00f6z\u00fcmler<br><br><\/span><\/li>\n<\/ul>\n<p><b>Zorluklar ve \u00d6z-bak\u0131m<\/b><\/p>\n<ul>\n<li style=\"font-weight: 400;\" aria-level=\"1\"><span style=\"font-weight: 400;\">Stresle ba\u015fa \u00e7\u0131kma stratejileri<\/span><\/li>\n<li style=\"font-weight: 400;\" aria-level=\"1\"><span style=\"font-weight: 400;\">Aile, i\u015f ve bak\u0131m g\u00f6revleri aras\u0131nda denge<\/span><\/li>\n<li style=\"font-weight: 400;\" aria-level=\"1\"><span style=\"font-weight: 400;\">Kendi s\u0131n\u0131rlar\u0131n\u0131 fark etme&nbsp;<\/span><\/li>\n<li style=\"font-weight: 400;\" aria-level=\"1\"><span style=\"font-weight: 400;\">T\u00fckenmi\u015flik, \u00e7aresizlik ve krizlerle ba\u015f etme<br><br><\/span><\/li>\n<\/ul>\n<p><b>Korumaya Al\u0131nan \u00c7ocuklar\u0131n \u00d6zellikleri<\/b><\/p>\n<ul>\n<li style=\"font-weight: 400;\" aria-level=\"1\"><span style=\"font-weight: 400;\">Travma ve ba\u011flanma sorunlar\u0131<\/span><\/li>\n<li style=\"font-weight: 400;\" aria-level=\"1\"><span style=\"font-weight: 400;\">Zorlay\u0131c\u0131 davran\u0131\u015flarla ba\u015f etme<\/span><\/li>\n<li style=\"font-weight: 400;\" aria-level=\"1\"><span style=\"font-weight: 400;\">Empatiyle s\u0131n\u0131r koyma<\/span><\/li>\n<li style=\"font-weight: 400;\" aria-level=\"1\"><span style=\"font-weight: 400;\">G\u00fcnl\u00fck ya\u015famda psikolojik ve pedagojik yakla\u015f\u0131mlar<br><br><\/span><\/li>\n<\/ul>\n<p><b>Uzmanlarla \u0130\u015f Birli\u011fi<\/b><b><\/b><\/p>\n<ul>\n<li aria-level=\"1\"><span style=\"font-weight: 400;\">Anaokulu, okul, gen\u00e7lik dairesi, kurumlar ve terapistlerle ileti\u015fim<\/span><\/li>\n<li style=\"font-weight: 400;\" aria-level=\"1\"><span style=\"font-weight: 400;\">Sistemdeki rol anlay\u0131\u015f\u0131 ve kendi rol\u00fcn\u00fc g\u00fc\u00e7lendirme<\/span><\/li>\n<li style=\"font-weight: 400;\" aria-level=\"1\"><span style=\"font-weight: 400;\">Yetki, beklenti ve sorumluluklar\u0131n netle\u015ftirilmesi<\/span><\/li>\n<li style=\"font-weight: 400;\" aria-level=\"1\"><span style=\"font-weight: 400;\">K\u00fclt\u00fcrleraras\u0131 zorluklarla ba\u015f etme<br><br><\/span><\/li>\n<\/ul>\n<p><b>Kriz ve \u00c7at\u0131\u015fma Y\u00f6netimi<\/b><b><\/b><\/p>\n<ul>\n<li aria-level=\"1\"><span style=\"font-weight: 400;\">Zor durumlar\u0131n analizi<\/span><\/li>\n<\/ul>\n<ul>\n<li aria-level=\"1\"><span style=\"font-weight: 400;\">Do\u011fru muhataplara ula\u015fma<\/span><\/li>\n<li aria-level=\"1\"><span style=\"font-weight: 400;\">Sald\u0131rganl\u0131k, i\u00e7e kapanma veya kural ihlalleriyle ba\u015fa \u00e7\u0131kma<\/span><\/li>\n<li aria-level=\"1\"><span style=\"font-weight: 400;\">\u00c7\u00f6z\u00fcm odakl\u0131 bak\u0131\u015f a\u00e7\u0131lar\u0131 geli\u015ftirme<br><br><\/span><\/li>\n<\/ul>\n<p><b>Di\u011fer Koruyucu Ailelerle Tecr\u00fcbe Payla\u015f\u0131m\u0131<\/b><\/p>\n<ul>\n<li style=\"font-weight: 400;\" aria-level=\"1\"><span style=\"font-weight: 400;\">Deneyim payla\u015f\u0131m\u0131<\/span><\/li>\n<li style=\"font-weight: 400;\" aria-level=\"1\"><span style=\"font-weight: 400;\">G\u00fcnl\u00fck ya\u015fam ve e\u011fitim temalar\u0131n\u0131n ortak yans\u0131t\u0131lmas\u0131<\/span><\/li>\n<li style=\"font-weight: 400;\" aria-level=\"1\"><span style=\"font-weight: 400;\">Topluluk duygusunu g\u00fc\u00e7lendirme<\/span><\/li>\n<li style=\"font-weight: 400;\" aria-level=\"1\"><span style=\"font-weight: 400;\">Eylem se\u00e7eneklerini geni\u015fletme ve a\u011f kurma<\/span><\/li>\n<li style=\"font-weight: 400;\" aria-level=\"1\"><span style=\"font-weight: 400;\">Network<br><br><\/span><\/li>\n<\/ul>\n<p><b>Ki\u015fisel Geli\u015fim<\/b><\/p>\n<ul>\n<li style=\"font-weight: 400;\" aria-level=\"1\"><span style=\"font-weight: 400;\">Kendi e\u011fitim stratejilerini geli\u015ftirme<\/span><\/li>\n<li style=\"font-weight: 400;\" aria-level=\"1\"><span style=\"font-weight: 400;\">Dayan\u0131kl\u0131l\u0131\u011f\u0131 (resilience) g\u00fc\u00e7lendirme<\/span><\/li>\n<li style=\"font-weight: 400;\" aria-level=\"1\"><span style=\"font-weight: 400;\">Duygusal fark\u0131ndal\u0131\u011f\u0131 art\u0131rma<\/span><\/li>\n<li style=\"font-weight: 400;\" aria-level=\"1\"><span style=\"font-weight: 400;\">Biyografi \u00e7al\u0131\u015fmas\u0131<br><br><\/span><\/li>\n<\/ul>\n<p><b>Koruyucu Aileler \u0130\u00e7in S\u00fcpervizyon Formatlar\u0131<\/b><\/p>\n<ul>\n<li style=\"font-weight: 400;\" aria-level=\"1\"><b>Bireysel S\u00fcpervizyon:<\/b><span style=\"font-weight: 400;\"> mit einem Elternteil<\/span><\/li>\n<\/ul>\n<ul>\n<li style=\"font-weight: 400;\" aria-level=\"1\"><b>\u00c7ift\/Aile S\u00fcpervizyonu:<\/b><span style=\"font-weight: 400;\"> Her iki koruyucu ebeveynle veya aile \u00fcyeleriyle birlikte<\/span><\/li>\n<\/ul>\n<ul>\n<li style=\"font-weight: 400;\" aria-level=\"1\"><b>Grup S\u00fcpervizyonu:<\/b><span style=\"font-weight: 400;\"> Birden fazla koruyucu ebeveynle ortak oturumlar&nbsp;<\/span><\/li>\n<\/ul>\n<p><b><br>\u0130leti\u015fim:<\/b><\/p>\n<p><span style=\"font-weight: 400;\">Koruyucu aileler i\u00e7in s\u00fcpervizyon almak isterseniz veya sorular\u0131n\u0131z varsa, \u00e7ekinmeden benimle ileti\u015fime ge\u00e7ebilirsiniz. Sizi bu s\u00fcpervizyon yolculu\u011funuzda hem Almanca hem de T\u00fcrk\u00e7e dillerinde desteklemekten mutluluk duyar\u0131m.<\/span><\/p>\t\t\t\t\t\t\t\t<\/div>\n\t\t\t\t<div class=\"elementor-element elementor-element-32d98a8 elementor-widget elementor-widget-prelements-cf7\" data-id=\"32d98a8\" data-element_type=\"widget\" data-widget_type=\"prelements-cf7.default\">\n\t\t\t\t<div class=\"elementor-widget-container\">\n\t\t\t\t\t\n<div class=\"wpcf7 no-js\" id=\"wpcf7-f793-o1\" lang=\"en-US\" dir=\"ltr\" data-wpcf7-id=\"793\">\n<div class=\"screen-reader-response\"><p role=\"status\" aria-live=\"polite\" aria-atomic=\"true\"><\/p> <ul><\/ul><\/div>\n<form action=\"\/tr\/wp-json\/wp\/v2\/pages\/372#wpcf7-f793-o1\" method=\"post\" class=\"wpcf7-form init\" aria-label=\"Contact form\" novalidate=\"novalidate\" data-status=\"init\" data-trp-original-action=\"\/tr\/wp-json\/wp\/v2\/pages\/372#wpcf7-f793-o1\">\n<fieldset class=\"hidden-fields-container\"><input type=\"hidden\" name=\"_wpcf7\" value=\"793\" \/><input type=\"hidden\" name=\"_wpcf7_version\" value=\"6.1.3\" \/><input type=\"hidden\" name=\"_wpcf7_locale\" value=\"en_US\" \/><input type=\"hidden\" name=\"_wpcf7_unit_tag\" value=\"wpcf7-f793-o1\" \/><input type=\"hidden\" name=\"_wpcf7_container_post\" value=\"0\" \/><input type=\"hidden\" name=\"_wpcf7_posted_data_hash\" value=\"\" \/>\n<\/fieldset>\n<div class=\"practice-areas-form\">\n\t<h3 class=\"widgettitle\">\u0130leti\u015fim\n\t<\/h3>\n\t<p><span class=\"wpcf7-form-control-wrap\" data-name=\"your-name\"><input size=\"40\" maxlength=\"400\" class=\"wpcf7-form-control wpcf7-text wpcf7-validates-as-required\" aria-required=\"true\" aria-invalid=\"false\" placeholder=\"\u0130sminiz\" value=\"\" type=\"text\" name=\"your-name\" \/><\/span><br \/>\n<span class=\"wpcf7-form-control-wrap\" data-name=\"your-email\"><input size=\"40\" maxlength=\"400\" class=\"wpcf7-form-control wpcf7-email wpcf7-validates-as-required wpcf7-text wpcf7-validates-as-email\" aria-required=\"true\" aria-invalid=\"false\" placeholder=\"E-Mail Adresiniz\" value=\"\" type=\"email\" name=\"your-email\" \/><\/span><br \/>\n<span class=\"wpcf7-form-control-wrap\" data-name=\"your-phone\"><input size=\"40\" maxlength=\"400\" class=\"wpcf7-form-control wpcf7-text wpcf7-validates-as-required\" aria-required=\"true\" aria-invalid=\"false\" placeholder=\"Telefon Numaran\u0131z\" value=\"\" type=\"text\" name=\"your-phone\" \/><\/span><br \/>\n<span class=\"wpcf7-form-control-wrap\" data-name=\"your-message\"><textarea cols=\"40\" rows=\"10\" maxlength=\"2000\" class=\"wpcf7-form-control wpcf7-textarea\" aria-invalid=\"false\" placeholder=\"Mesaj\u0131n\u0131z\" name=\"your-message\"><\/textarea><\/span><br \/>\n<span class=\"wpcf7-form-control-wrap\" data-name=\"acceptance-399\"><span class=\"wpcf7-form-control wpcf7-acceptance\"><span class=\"wpcf7-list-item\"><input type=\"checkbox\" name=\"acceptance-399\" value=\"1\" aria-invalid=\"false\" \/><\/span><\/span><\/span> Gizlilik politikas\u0131n\u0131 onayl\u0131yorum.\n\t<\/p>\n\t<p><input class=\"wpcf7-form-control wpcf7-submit has-spinner\" type=\"submit\" value=\"G\u00f6nder\" \/>\n\t<\/p>\n<\/div><div class=\"wpcf7-response-output\" aria-hidden=\"true\"><\/div>\n<input type=\"hidden\" name=\"trp-form-language\" value=\"tr\"\/><\/form>\n<\/div>\n\t\t\t\t<\/div>\n\t\t\t\t<\/div>\n\t\t\t\t\t<\/div>\n\t\t<\/div>\n\t\t\t\t\t<\/div>\n\t\t<\/section>\n\t\t\t\t<\/div>","protected":false},"excerpt":{"rendered":"<p>Supervision f\u00fcr PflegeelternWertsch\u00e4tzung &#8211; Begleitung &#8211; Empathie\u00a0\u00a0 Pflegefamilien \u00fcbernehmen im Rahmen der Kinder und Jugendhilfe eine \u00e4u\u00dferst wichtige, gesellschaftliche Aufgabe. Daf\u00fcr verdienen sie eine besondere Anerkennung und Wertsch\u00e4tzung. Das Leben kann f\u00fcr Pflegefamilien jedoch auch sehr anspruchsvoll sein. Es erfordert besonders viel Einf\u00fchlungsverm\u00f6gen, Geduld, Energie, Besonnenheit und oftmals auch eine Portion Gelassenheit. In ihrem komplexen Spannungsfeld zwischen Familienalltag und Erziehungsauftrag der Jugendhilfe k\u00f6nnen Pflegeeltern auch mit diversen Herausforderungen und Konflikten konfrontiert sein. In solchen F\u00e4llen kann eine unterst\u00fctzende Beratung als Supervision ma\u00dfgeblich zur Stabilisierung des Pflegeverh\u00e4ltnisses und zur Ressourcenmobilisierung beitragen. Im gesch\u00fctzten und vertraulichen Rahmen der Supervision k\u00f6nnen Pflegeeltern allt\u00e4gliche Herausforderungen, Belastungen und Konflikte mit professioneller Begleitung reflektieren und bew\u00e4ltigen. Somit k\u00f6nnen die Erziehungsaufgabe, der Familienalltag und die Motivation der Pflegeeltern gest\u00e4rkt und verbessert werden. Als langj\u00e4hriger Pflegevater und Vormund verf\u00fcge ich \u00fcber weitreichende, pers\u00f6nliche Erfahrungen und Kompetenzen in der Pflegekinderhilfe und kann Sie und Ihre Situation deshalb besonders gut verstehen.\u00a0 Pflegeeltern- und Familien die gem\u00e4\u00df \u00a7 33 SGB VIII ein oder mehrere Kinder in Dauerpflege, Kurzzeitpflege oder Verwandtenpflege betreuen, haben gem\u00e4\u00df \u00a7 37 SGB VIII einen rechtlichen Anspruch auf Beratung, Unterst\u00fctzung und Begleitung.&nbsp; Ziele der Supervision f\u00fcr Pflegeeltern: Entlastung und St\u00e4rkung der Pflegeeltern Sicherung der Qualit\u00e4t in der Betreuung F\u00f6rderung stabiler und tragf\u00e4higer Beziehungen Inhalte der Supervision f\u00fcr Pflegeeltern:&nbsp; Reflexion der Pflegeelternrolle: Rollenklarheit zwischen Elternschaft und Erziehungsauftrag Eigene Motivation und Haltung Erwartungen an das Pflegekind und an sich selbst Kommunikation und Beziehungsgestaltung: Beziehung zum Pflegekind st\u00e4rken Umgang mit N\u00e4he und Distanz Kommunikation im Familiensystem Konfliktl\u00f6sung und achtsame Kommunikation Umgang mit Herkunftsfamilien: Loyalit\u00e4tskonflikte des Kindes Grenzen und M\u00f6glichkeiten des Kontakts zur Herkunftsfamilie Zusammenarbeit mit Jugend\u00e4mtern, Tr\u00e4gern und anderen Institutionen Herausforderungen und Konflikte im Kontaktmanagement Belastungen und Selbstf\u00fcrsorge: Strategien zur Stressbew\u00e4ltigung Balance zwischen Familie, Beruf und Pflegeaufgabe Eigene Grenzen erkennen&nbsp; Umgang mit Krisen (Ersch\u00f6pfung, Hilflosigkeit) Besonderheiten von Pflegekindern: Trauma und Bindungsst\u00f6rungen Umgang mit herausforderndem Verhalten Grenzen setzen und Empathie Psychologische und p\u00e4dagogische Ans\u00e4tze im Alltag Zusammenarbeit mit Fachkr\u00e4ften: Kommunikation mit Kita, Schule, Jugendamt, Tr\u00e4ger, Therapeuthen&#8230;. Rollenverst\u00e4ndnis im System und St\u00e4rkung der eigenen Rolle Absprachen, Erwartungen, Vollmachten&#8230; Interkulturelle Herausforderungen Krisen- und Konfliktbew\u00e4ltigung: Analyse schwieriger Situationen Richtige Ansprechpartner angemessen kontaktieren Umgang mit Aggression, R\u00fcckzug oder Regelverst\u00f6\u00dfen L\u00f6sungsorientierte Perspektiven entwickeln Austausch mit anderen Pflegeeltern: Erfahrungsaustausch mit anderen Pflegeeltern Gemeinsame Reflexion von Alltags- und Erziehungsthemen Gemeinschaft st\u00e4rken Handlungsoptionen erweitern Netzwerke aufbauen Pers\u00f6nliche Weiterentwicklung: Entwicklung eigener Erziehungsstrategien St\u00e4rkung der Resilienz F\u00f6rderung der eigenen emotionalen Kompetenz Biografiearbeit Formate der Supervision f\u00fcr Pflegefamilien: Einzelsupervision: mit einem Elternteil Paar-Familiensupervision: mit beiden Pflegeeltern und\/oder weiteren Familienmitgliedern Gruppensupervision: Mit mehreren Pflegeeltern gemeinsam.&nbsp; Kontakt: Wenn Sie als Pflegefamilie eine Supervision in Anspruch nehmen m\u00f6chten oder Fragen haben, nehmen Sie gerne unverbindlich Kontakt auf. Ich freue mich darauf, Sie auf diesem Weg zur Supervision zu begleiten, in deutscher und\/oder t\u00fcrkischer Sprache. Kontakt Ich stimme dem Datenschutz zu.<\/p>","protected":false},"author":1,"featured_media":0,"parent":611,"menu_order":0,"comment_status":"closed","ping_status":"closed","template":"","meta":{"footnotes":""},"class_list":["post-372","page","type-page","status-publish","hentry"],"_links":{"self":[{"href":"https:\/\/costan-beratung.de\/tr\/wp-json\/wp\/v2\/pages\/372","targetHints":{"allow":["GET"]}}],"collection":[{"href":"https:\/\/costan-beratung.de\/tr\/wp-json\/wp\/v2\/pages"}],"about":[{"href":"https:\/\/costan-beratung.de\/tr\/wp-json\/wp\/v2\/types\/page"}],"author":[{"embeddable":true,"href":"https:\/\/costan-beratung.de\/tr\/wp-json\/wp\/v2\/users\/1"}],"replies":[{"embeddable":true,"href":"https:\/\/costan-beratung.de\/tr\/wp-json\/wp\/v2\/comments?post=372"}],"version-history":[{"count":35,"href":"https:\/\/costan-beratung.de\/tr\/wp-json\/wp\/v2\/pages\/372\/revisions"}],"predecessor-version":[{"id":6486,"href":"https:\/\/costan-beratung.de\/tr\/wp-json\/wp\/v2\/pages\/372\/revisions\/6486"}],"up":[{"embeddable":true,"href":"https:\/\/costan-beratung.de\/tr\/wp-json\/wp\/v2\/pages\/611"}],"wp:attachment":[{"href":"https:\/\/costan-beratung.de\/tr\/wp-json\/wp\/v2\/media?parent=372"}],"curies":[{"name":"wp","href":"https:\/\/api.w.org\/{rel}","templated":true}]}}