{"id":364,"date":"2019-05-13T04:42:33","date_gmt":"2019-05-13T04:42:33","guid":{"rendered":"http:\/\/192.168.0.114\/johnfirm\/?page_id=364"},"modified":"2025-11-22T11:45:48","modified_gmt":"2025-11-22T11:45:48","slug":"mediation","status":"publish","type":"page","link":"https:\/\/costan-beratung.de\/tr\/leistungen\/mediation\/","title":{"rendered":"Mediasyon"},"content":{"rendered":"<div data-elementor-type=\"wp-page\" data-elementor-id=\"364\" class=\"elementor elementor-364\">\n\t\t\t\t\t\t<section class=\"elementor-section elementor-top-section elementor-element elementor-element-a4f4dec elementor-section-full_width elementor-section-height-default elementor-section-height-default wpr-particle-no wpr-jarallax-no wpr-parallax-no wpr-sticky-section-no\" data-id=\"a4f4dec\" data-element_type=\"section\">\n\t\t\t\t\t\t<div class=\"elementor-container elementor-column-gap-default\">\n\t\t\t\t\t<div class=\"elementor-column elementor-col-100 elementor-top-column elementor-element elementor-element-97b084b\" data-id=\"97b084b\" data-element_type=\"column\" data-settings=\"{&quot;background_background&quot;:&quot;classic&quot;}\">\n\t\t\t<div class=\"elementor-widget-wrap elementor-element-populated\">\n\t\t\t\t<div class=\"elementor-element elementor-element-05db251 e-grid e-con-full wpr-particle-no wpr-jarallax-no wpr-parallax-no wpr-sticky-section-no e-con e-parent\" data-id=\"05db251\" data-element_type=\"container\">\n\t\t\t\t<div class=\"elementor-element elementor-element-0df9b93 elementor-widget elementor-widget-image\" data-id=\"0df9b93\" data-element_type=\"widget\" data-widget_type=\"image.default\">\n\t\t\t\t\t\t\t\t\t\t\t\t\t\t\t<img fetchpriority=\"high\" decoding=\"async\" width=\"640\" height=\"630\" src=\"https:\/\/costan-beratung.de\/wp-content\/uploads\/2025\/11\/Mediation-Caostan-Beratung-1024x1008.png\" class=\"attachment-large size-large wp-image-6458\" alt=\"\" srcset=\"https:\/\/costan-beratung.de\/wp-content\/uploads\/2025\/11\/Mediation-Caostan-Beratung-1024x1008.png 1024w, https:\/\/costan-beratung.de\/wp-content\/uploads\/2025\/11\/Mediation-Caostan-Beratung-300x295.png 300w, https:\/\/costan-beratung.de\/wp-content\/uploads\/2025\/11\/Mediation-Caostan-Beratung-768x756.png 768w, https:\/\/costan-beratung.de\/wp-content\/uploads\/2025\/11\/Mediation-Caostan-Beratung-12x12.png 12w, https:\/\/costan-beratung.de\/wp-content\/uploads\/2025\/11\/Mediation-Caostan-Beratung-75x75.png 75w, https:\/\/costan-beratung.de\/wp-content\/uploads\/2025\/11\/Mediation-Caostan-Beratung.png 1087w\" sizes=\"(max-width: 640px) 100vw, 640px\" \/>\t\t\t\t\t\t\t\t\t\t\t\t\t\t\t<\/div>\n\t\t\t\t<div class=\"elementor-element elementor-element-4452349 elementor-widget elementor-widget-text-editor\" data-id=\"4452349\" data-element_type=\"widget\" data-widget_type=\"text-editor.default\">\n\t\t\t\t\t\t\t\t\t<h3><b>Mediasyon<\/b><\/h3><h5><b>Anla\u015fmazl\u0131klar\u0131 birlikte \u00e7\u00f6zmek<\/b><\/h5><p><span style=\"font-weight: 400;\">Arabuluculuk, ki\u015filer aras\u0131 \u00e7at\u0131\u015fmalar\u0131n \u00e7\u00f6z\u00fcm\u00fcne y\u00f6nelik, rehberli, yap\u0131land\u0131r\u0131lm\u0131\u015f ve sonuca \u00f6n yarg\u0131s\u0131z bi\u00e7imde a\u00e7\u0131k bir s\u00fcre\u00e7tir. Arabuluculuk, profesyonel, tarafs\u0131z ve t\u00fcm taraflara e\u015fit mesafede duran bir arabulucu taraf\u0131ndan y\u00fcr\u00fct\u00fcl\u00fcr. <\/span><span style=\"font-weight: 400;\">\u0130ster \u00f6zel ya\u015famda ister i\u015f hayat\u0131nda olsun, insanlar\u0131n bir araya geldi\u011fi her ortamda \u00e7at\u0131\u015fmalar da ortaya \u00e7\u0131kabilir. Bu t\u00fcr durumlarda arabuluculuk, taraflar\u0131n g\u00fcvenli, sayg\u0131l\u0131 ve e\u015fit ko\u015fullarda yeni \u00e7\u00f6z\u00fcm yollar\u0131 ve uzla\u015fmalar geli\u015ftirmelerini sa\u011flayan profesyonel bir y\u00f6ntem sunar.\n\nTarafs\u0131z ve dengeli bir arabulucu olarak g\u00f6revim; t\u00fcm taraflar\u0131n g\u00f6r\u00fc\u015flerini, ihtiya\u00e7lar\u0131n\u0131 ve \u00e7\u0131karlar\u0131n\u0131 e\u015fit \u015fekilde g\u00f6zetmek, diyalog ve anlay\u0131\u015f\u0131n h\u00e2kim oldu\u011fu bir alan yaratmakt\u0131r.\nBelirli y\u00f6ntem ve tekniklerle y\u00fcr\u00fct\u00fclen arabuluculuk s\u00fcrecinde, birlikte yeni hareket alanlar\u0131 geli\u015ftirmeyi, t\u0131kanm\u0131\u015f durumlar\u0131 a\u00e7may\u0131 ve uzla\u015fmaya ula\u015fmay\u0131 destekliyorum.\nBa\u015far\u0131l\u0131 bir arabuluculuk s\u00fcreci sonunda \u00e7at\u0131\u015fmalar, yeni geli\u015fimlerin ve kar\u015f\u0131l\u0131kl\u0131 de\u011fi\u015fimin f\u0131rsat\u0131na d\u00f6n\u00fc\u015febilir.<\/span><\/p>\t\t\t\t\t\t\t\t<\/div>\n\t\t\t\t<\/div>\n\t\t\t\t<div class=\"elementor-element elementor-element-5115ca3 elementor-widget elementor-widget-text-editor\" data-id=\"5115ca3\" data-element_type=\"widget\" data-widget_type=\"text-editor.default\">\n\t\t\t\t\t\t\t\t\t<p><b>Mediasyon Hangi Alanlarda Kullan\u0131l\u0131r?<\/b><\/p>\n<p><span style=\"font-weight: 400;\">Arabuluculuk, ya\u015fam\u0131n bir\u00e7ok alan\u0131nda ortaya \u00e7\u0131kabilecek \u00e7at\u0131\u015fmalarda uygulanabilir.\nToplumumuzun giderek artan \u00e7e\u015fitlili\u011fi do\u011frultusunda, k\u00fclt\u00fcrleraras\u0131 ve dinleraras\u0131 konular da arabulucular\u0131n \u00e7al\u0131\u015fma alan\u0131na d\u00e2hil olmaktad\u0131r.&nbsp;<\/span><\/p>\n<p><span style=\"font-weight: 400;\">Arabuluculuk alanlar\u0131:<\/span><\/p>\n<p><b>Aile ve Evlilik<\/b><\/p>\n<ul>\n<li style=\"font-weight: 400;\" aria-level=\"1\"><span style=\"font-weight: 400;\">Konflikte zwischen Ehepartnern<\/span><\/li>\n<li style=\"font-weight: 400;\" aria-level=\"1\"><span style=\"font-weight: 400;\">Ayr\u0131l\u0131k ve bo\u015fanma s\u00fcre\u00e7leri<\/span><\/li>\n<li style=\"font-weight: 400;\" aria-level=\"1\"><span style=\"font-weight: 400;\">Velayet ve ki\u015fisel ili\u015fki d\u00fczenlemeleri<\/span><\/li>\n<li style=\"font-weight: 400;\" aria-level=\"1\"><span style=\"font-weight: 400;\">Miras anla\u015fmazl\u0131klar\u0131<\/span><\/li>\n<li style=\"font-weight: 400;\" aria-level=\"1\"><span style=\"font-weight: 400;\">Ebeveynler ve gen\u00e7ler aras\u0131ndaki ku\u015fak \u00e7at\u0131\u015fmalar\u0131<\/span><\/li>\n<li style=\"font-weight: 400;\" aria-level=\"1\"><span style=\"font-weight: 400;\">Biyolojik ebeveynler ile koruyucu ebeveynler aras\u0131ndaki sorunlar<\/span><\/li>\n<\/ul>\n<p><b><br>\u0130\u015f ve Meslek Hayat\u0131<\/b><\/p>\n<ul>\n<li style=\"font-weight: 400;\" aria-level=\"1\"><span style=\"font-weight: 400;\">Ekip i\u00e7i \u00e7at\u0131\u015fmalar<\/span><\/li>\n<li style=\"font-weight: 400;\" aria-level=\"1\"><span style=\"font-weight: 400;\">\u00c7al\u0131\u015fanlar ve y\u00f6neticiler aras\u0131ndaki anla\u015fmazl\u0131klar<\/span><\/li>\n<li style=\"font-weight: 400;\" aria-level=\"1\"><span style=\"font-weight: 400;\">Mobbing vakalar\u0131<\/span><\/li>\n<li style=\"font-weight: 400;\" aria-level=\"1\"><span style=\"font-weight: 400;\">Kurumsal yeniden yap\u0131lanma s\u00fcre\u00e7leri<\/span><\/li>\n<\/ul>\n<p><b><br>Kom\u015fuluk ve Ya\u015fam Alan\u0131<\/b><\/p>\n<ul>\n<li style=\"font-weight: 400;\" aria-level=\"1\"><span style=\"font-weight: 400;\">G\u00fcr\u00fclt\u00fc ve rahats\u0131zl\u0131k kaynakl\u0131 anla\u015fmazl\u0131klar<\/span><\/li>\n<li style=\"font-weight: 400;\" aria-level=\"1\"><span style=\"font-weight: 400;\">Arsa ve s\u0131n\u0131r ihtilaflar\u0131<\/span><\/li>\n<li style=\"font-weight: 400;\" aria-level=\"1\"><span style=\"font-weight: 400;\">Apartman veya site i\u00e7i gerginlikler<\/span><\/li>\n<\/ul>\n<p><b><br>\u0130\u015f D\u00fcnyas\u0131 ve Kurumlar<\/b><\/p>\n<ul>\n<li style=\"font-weight: 400;\" aria-level=\"1\"><span style=\"font-weight: 400;\">\u0130\u015f ortaklar\u0131 aras\u0131ndaki anla\u015fmazl\u0131klar<\/span><\/li>\n<li style=\"font-weight: 400;\" aria-level=\"1\"><span style=\"font-weight: 400;\">S\u00f6zle\u015fme g\u00f6r\u00fc\u015fmelerinde \u00e7\u0131kan farkl\u0131l\u0131klar<\/span><\/li>\n<li style=\"font-weight: 400;\" aria-level=\"1\"><span style=\"font-weight: 400;\">Departmanlar aras\u0131 ileti\u015fim sorunlar\u0131<\/span><\/li>\n<\/ul>\n<p><b><br>Okul ve E\u011fitim<\/b><\/p>\n<ul>\n<li style=\"font-weight: 400;\" aria-level=\"1\"><span style=\"font-weight: 400;\">\u00d6\u011frenciler, veliler veya \u00f6\u011fretmenler aras\u0131ndaki \u00e7at\u0131\u015fmalar<\/span><\/li>\n<li style=\"font-weight: 400;\" aria-level=\"1\"><span style=\"font-weight: 400;\">Okul y\u00f6netimiyle ya\u015fanan anla\u015fmazl\u0131klar<\/span><\/li>\n<\/ul>\n<p><b><br>Mediasyon S\u00fcreci Nas\u0131l \u0130\u015fler?<\/b><\/p>\n<p><span style=\"font-weight: 400;\">Arabuluculuk, be\u015f ana a\u015famadan olu\u015fan, g\u00f6n\u00fcll\u00fcl\u00fck ve gizlilik esas\u0131na dayal\u0131 bir s\u00fcre\u00e7tir.\nAma\u00e7, su\u00e7lu bulmak de\u011fil, \u00e7\u00f6z\u00fcm ve uzla\u015fmaya ula\u015fmakt\u0131r.<\/span><\/p>\n<ol>\n<li><b>S\u00fcrecin Tan\u0131mlanmas\u0131 ve Haz\u0131rl\u0131k<\/b><\/li>\n<\/ol>\n<p><span style=\"font-weight: 400;\">\u0130lk g\u00f6r\u00fc\u015fmede s\u00fcrecin \u00e7er\u00e7evesi, y\u00f6ntem ve beklentiler netle\u015ftirilir.<\/span><\/p>\n<ol start=\"2\">\n<li><b>\u00c7at\u0131\u015fman\u0131n Anlat\u0131lmas\u0131 ve Konular\u0131n Belirlenmesi<\/b><\/li>\n<\/ol>\n<p><span style=\"font-weight: 400;\">Her taraf, durumu kendi bak\u0131\u015f a\u00e7\u0131s\u0131ndan anlat\u0131r \u2014 kimse b\u00f6l\u00fcnmeden, sadece anla\u015f\u0131lmak i\u00e7in.\nOrtak konular ve temel sorun alanlar\u0131 tan\u0131mlan\u0131r.&nbsp;<\/span><\/p>\n<ol start=\"3\">\n<li><b>\u00c7at\u0131\u015fman\u0131n Derinlemesine Ele Al\u0131nmas\u0131<\/b><\/li>\n<\/ol>\n<p><span style=\"font-weight: 400;\">Taraflar\u0131n duygular\u0131, ihtiya\u00e7lar\u0131, motivasyonlar\u0131 ve beklentileri \u00fczerinde durulur.\nArabulucu, bu unsurlar\u0131 g\u00f6r\u00fcn\u00fcr k\u0131larak s\u00fcreci dengede tutar.<\/span><\/p>\n<ol start=\"4\">\n<li><b>\u00c7\u00f6z\u00fcm Se\u00e7eneklerinin Geli\u015ftirilmesi<\/b><\/li>\n<\/ol>\n<p><span style=\"font-weight: 400;\">Taraflar birlikte yarat\u0131c\u0131, adil ve uygulanabilir \u00e7\u00f6z\u00fcm yollar\u0131 \u00fcretir.<\/span><\/p>\n<ol start=\"5\">\n<li><b>Anla\u015fma ve Sonu\u00e7land\u0131rma<\/b><\/li>\n<\/ol>\n<p><span style=\"font-weight: 400;\">Var\u0131lan uzla\u015fma iste\u011fe ba\u011fl\u0131 olarak yaz\u0131l\u0131 hale getirilir ve taraflarca onaylan\u0131r.<\/span><\/p>\n<p><b>Neden Mediasyon (Arabuluculuk)?<\/b><\/p>\n<ul>\n<li style=\"font-weight: 400;\" aria-level=\"1\"><b>Kendi kendine belirleme:<\/b><span style=\"font-weight: 400;\">&nbsp;\u00c7\u00f6z\u00fcm, taraflar\u0131n kendisinden gelir.<\/span><\/li>\n<li style=\"font-weight: 400;\" aria-level=\"1\"><b>H\u0131zl\u0131 ve ekonomik:<\/b><span style=\"font-weight: 400;\">&nbsp;\u00c7o\u011fu durumda mahkeme s\u00fcrecinden daha k\u0131sa ve uygun maliyetlidir.<\/span><\/li>\n<li style=\"font-weight: 400;\" aria-level=\"1\"><b>Gizlilik:<\/b><span style=\"font-weight: 400;\">&nbsp;G\u00f6r\u00fc\u015f\u00fclen her \u015fey g\u00fcvenli bir ortamda kal\u0131r.<\/span><\/li>\n<li style=\"font-weight: 400;\" aria-level=\"1\"><b>Gelecek odakl\u0131:<\/b><span style=\"font-weight: 400;\">&nbsp;Ge\u00e7mi\u015fteki hatalara de\u011fil, gelecekteki \u00e7\u00f6z\u00fcmlere ve memnuniyete odaklan\u0131r.<br><br><\/span><\/li>\n<\/ul>\n<p><b>K<\/b><b>ontakt<\/b><\/p>\n<p><span style=\"font-weight: 400;\">Bir \u00e7at\u0131\u015fmay\u0131 \u00e7\u00f6zmek veya arabuluculuk hakk\u0131nda bilgi almak istiyorsan\u0131z, benimle \u00e7ekinmeden ileti\u015fime ge\u00e7ebilirsiniz.\nSize bu s\u00fcre\u00e7te, Almanca ve\/veya T\u00fcrk\u00e7e olarak rehberlik etmekten memnuniyet duyar\u0131m.<\/span><\/p>\t\t\t\t\t\t\t\t<\/div>\n\t\t\t\t<div class=\"elementor-element elementor-element-136f997 elementor-widget elementor-widget-prelements-cf7\" data-id=\"136f997\" data-element_type=\"widget\" data-widget_type=\"prelements-cf7.default\">\n\t\t\t\t<div class=\"elementor-widget-container\">\n\t\t\t\t\t\n<div class=\"wpcf7 no-js\" id=\"wpcf7-f793-o1\" lang=\"en-US\" dir=\"ltr\" data-wpcf7-id=\"793\">\n<div class=\"screen-reader-response\"><p role=\"status\" aria-live=\"polite\" aria-atomic=\"true\"><\/p> <ul><\/ul><\/div>\n<form action=\"\/tr\/wp-json\/wp\/v2\/pages\/364#wpcf7-f793-o1\" method=\"post\" class=\"wpcf7-form init\" aria-label=\"Contact form\" novalidate=\"novalidate\" data-status=\"init\" data-trp-original-action=\"\/tr\/wp-json\/wp\/v2\/pages\/364#wpcf7-f793-o1\">\n<fieldset class=\"hidden-fields-container\"><input type=\"hidden\" name=\"_wpcf7\" value=\"793\" \/><input type=\"hidden\" name=\"_wpcf7_version\" value=\"6.1.3\" \/><input type=\"hidden\" name=\"_wpcf7_locale\" value=\"en_US\" \/><input type=\"hidden\" name=\"_wpcf7_unit_tag\" value=\"wpcf7-f793-o1\" \/><input type=\"hidden\" name=\"_wpcf7_container_post\" value=\"0\" \/><input type=\"hidden\" name=\"_wpcf7_posted_data_hash\" value=\"\" \/>\n<\/fieldset>\n<div class=\"practice-areas-form\">\n\t<h3 class=\"widgettitle\">\u0130leti\u015fim\n\t<\/h3>\n\t<p><span class=\"wpcf7-form-control-wrap\" data-name=\"your-name\"><input size=\"40\" maxlength=\"400\" class=\"wpcf7-form-control wpcf7-text wpcf7-validates-as-required\" aria-required=\"true\" aria-invalid=\"false\" placeholder=\"\u0130sminiz\" value=\"\" type=\"text\" name=\"your-name\" \/><\/span><br \/>\n<span class=\"wpcf7-form-control-wrap\" data-name=\"your-email\"><input size=\"40\" maxlength=\"400\" class=\"wpcf7-form-control wpcf7-email wpcf7-validates-as-required wpcf7-text wpcf7-validates-as-email\" aria-required=\"true\" aria-invalid=\"false\" placeholder=\"E-Mail Adresiniz\" value=\"\" type=\"email\" name=\"your-email\" \/><\/span><br \/>\n<span class=\"wpcf7-form-control-wrap\" data-name=\"your-phone\"><input size=\"40\" maxlength=\"400\" class=\"wpcf7-form-control wpcf7-text wpcf7-validates-as-required\" aria-required=\"true\" aria-invalid=\"false\" placeholder=\"Telefon Numaran\u0131z\" value=\"\" type=\"text\" name=\"your-phone\" \/><\/span><br \/>\n<span class=\"wpcf7-form-control-wrap\" data-name=\"your-message\"><textarea cols=\"40\" rows=\"10\" maxlength=\"2000\" class=\"wpcf7-form-control wpcf7-textarea\" aria-invalid=\"false\" placeholder=\"Mesaj\u0131n\u0131z\" name=\"your-message\"><\/textarea><\/span><br \/>\n<span class=\"wpcf7-form-control-wrap\" data-name=\"acceptance-399\"><span class=\"wpcf7-form-control wpcf7-acceptance\"><span class=\"wpcf7-list-item\"><input type=\"checkbox\" name=\"acceptance-399\" value=\"1\" aria-invalid=\"false\" \/><\/span><\/span><\/span> Gizlilik politikas\u0131n\u0131 onayl\u0131yorum.\n\t<\/p>\n\t<p><input class=\"wpcf7-form-control wpcf7-submit has-spinner\" type=\"submit\" value=\"G\u00f6nder\" \/>\n\t<\/p>\n<\/div><div class=\"wpcf7-response-output\" aria-hidden=\"true\"><\/div>\n<input type=\"hidden\" name=\"trp-form-language\" value=\"tr\"\/><\/form>\n<\/div>\n\t\t\t\t<\/div>\n\t\t\t\t<\/div>\n\t\t\t\t\t<\/div>\n\t\t<\/div>\n\t\t\t\t\t<\/div>\n\t\t<\/section>\n\t\t\t\t<\/div>","protected":false},"excerpt":{"rendered":"<p>Mediation Konflikte gemeinsam l\u00f6sen Mediation ist ein begleitetes, strukturiertes und ergebnisoffenes Verfahren zur Kl\u00e4rung von zwischenmenschlichen Konflikten. Die Vermittlung erfolgt dabei durch einen professionellen, neutralen und allparteilichen Mediator. \u00dcberall, wo Menschen im privaten und beruflichen Umfeld zusammenkommen, gibt es auch Raum f\u00fcr Konflikte. In diesen Situationen bietet Mediation ein professionelles Verfahren, damit die Konfliktparteien in einem vertrauensvollen Rahmen respektvoll und gleichberechtigt neue L\u00f6sungsans\u00e4tze und Einigungen entwickeln k\u00f6nnen. Als neutraler und allparteilicher Vermittler ist es w\u00e4hrend der Mediation meine Verantwortung, die Positionen, Bed\u00fcrfnisse und Interessen aller Konfliktparteien gleicherma\u00dfen zu ber\u00fccksichtigen und so einen Raum f\u00fcr Dialog auf Augenh\u00f6he zu schaffen. Mit bestimmten Methoden und Vermittlungstechniken unterst\u00fctze ich Sie in einer Mediation, um gemeinsam neue Handlungsspielr\u00e4ume zu entwickeln, festgefahrene Situationen aufzul\u00f6sen und Einigungen zu erreichen. So k\u00f6nnen Konflikte durch eine erfolgreiche Mediation gar zu einer Chance f\u00fcr neue Entwicklungen und einvernehmliche Ver\u00e4nderungen werden. In welchen Bereichen wird Mediation eingesetzt? Mediation eignet sich in vielf\u00e4ltigen Lebensbereichen, in denen es zu Konflikten kommen kann. Ausgehend von der zunehmenden Pluralit\u00e4t unserer Gesellschaft geh\u00f6ren insbesondere interkulturelle und interreligi\u00f6se Aspekte immer mehr ins T\u00e4tigkeitsfeld von Mediatoren.&nbsp; Typische Anwendungsgebiete sind: Familie &amp; Partnerschaft Konflikte zwischen Ehepartnern Trennung und Scheidung Sorgerecht &amp; Umgangsrecht Erbstreitigkeiten Generationenkonflikte zwischen Eltern und Jugendlichen Konflikte zwischen leiblichen Eltern und Pflegeeltern Arbeit &amp; Beruf Teamkonflikte Auseinandersetzungen zwischen Mitarbeitenden und Vorgesetzten Mobbing Umstrukturierungen im Unternehmen Nachbarschaft &amp; Wohnen L\u00e4rmbel\u00e4stigung Streit um Grundst\u00fccksgrenzen Hausgemeinschaftskonflikte Wirtschaft &amp; Organisationen Konflikte zwischen Gesch\u00e4ftspartnern Differenzen bei Vertragsverhandlungen Auseinandersetzungen zwischen Abteilungen Schule &amp; Bildung Konflikte zwischen Sch\u00fclerInnen und\/oder Eltern Streitigkeiten zwischen Eltern und Lehrkr\u00e4ften oder Schulleitung Wie l\u00e4uft eine Mediation ab? Eine Mediation folgt einem klar strukturierten Ablauf, der auch grob in 5 Phasen unterteilt werden kann. Das Verfahren ist freiwillig, vertraulich und l\u00f6sungsorientiert. Auftragskl\u00e4rung &amp; Vorbereitung In einem ersten Gespr\u00e4ch werden die Rahmenbedingungen und der Ablauf der Mediation besprochen. Ziel ist es, Klarheit \u00fcber die Erwartungen und das gemeinsame Vorgehen zu schaffen. Darstellung des Konflikts und Themensammlung Jede Partei bekommt ausreichend Raum, ihre Sichtweise auf die Situation zu schildern \u2013 ohne unterbrochen zu werden. Dabei geht es zun\u00e4chst um das Verstehen, nicht um das Gewinnen. Gemeinsam werden die zentralen Themen und Streitpunkte gesammelt. Es wird deutlich gemacht, was hinter den Positionen steht.&nbsp; Konfliktbearbeitung In dieser Phase wird der Konflikt intensiv beleuchtet und bearbeitet. Hier geht es um die Gef\u00fchle, Bed\u00fcrfnisse, Motive, Interessen und W\u00fcnsche der Parteien, die mithilfe des Mediators und seiner Methoden aufgedeckt und behandelt werden. Erarbeitung von L\u00f6sungen Jetzt beginnt die kreative Phase. Gemeinsam entwickeln die Beteiligten L\u00f6sungsoptionen, die f\u00fcr alle tragf\u00e4hig und realistisch sind. Vereinbarung &amp; Abschluss In Idealfall wird die gemeinsam gefundene L\u00f6sung in einer verbindlichen Vereinbarung festgehalten. Bei Bedarf kann diese auch schriftlich formuliert und signiert werden. Warum Mediation? Selbstbestimmt:&nbsp;Die L\u00f6sung kommt von den Beteiligten selbst. Schnell &amp; kosteng\u00fcnstig:&nbsp;Oft schneller und g\u00fcnstiger als ein Gerichtsverfahren. Vertraulich:&nbsp;Alles, was besprochen wird, bleibt im gesch\u00fctzten Rahmen. Zukunftsorientiert:&nbsp;Der Blick geht nach vorn \u2013 es geht nicht um Schuld, sondern um L\u00f6sungen und Zufriedenheit der Parteien. Kontakt Wenn Sie einen Konflikt kl\u00e4ren m\u00f6chten oder Fragen zur Mediation haben, nehmen Sie gerne unverbindlich Kontakt auf. Ich freue mich darauf, Sie auf dem Weg zu einer L\u00f6sung zu begleiten, in deutscher und\/oder t\u00fcrkischer Sprache. Kontakt Ich stimme dem Datenschutz zu.<\/p>","protected":false},"author":1,"featured_media":0,"parent":611,"menu_order":0,"comment_status":"closed","ping_status":"closed","template":"","meta":{"footnotes":""},"class_list":["post-364","page","type-page","status-publish","hentry"],"_links":{"self":[{"href":"https:\/\/costan-beratung.de\/tr\/wp-json\/wp\/v2\/pages\/364","targetHints":{"allow":["GET"]}}],"collection":[{"href":"https:\/\/costan-beratung.de\/tr\/wp-json\/wp\/v2\/pages"}],"about":[{"href":"https:\/\/costan-beratung.de\/tr\/wp-json\/wp\/v2\/types\/page"}],"author":[{"embeddable":true,"href":"https:\/\/costan-beratung.de\/tr\/wp-json\/wp\/v2\/users\/1"}],"replies":[{"embeddable":true,"href":"https:\/\/costan-beratung.de\/tr\/wp-json\/wp\/v2\/comments?post=364"}],"version-history":[{"count":29,"href":"https:\/\/costan-beratung.de\/tr\/wp-json\/wp\/v2\/pages\/364\/revisions"}],"predecessor-version":[{"id":6464,"href":"https:\/\/costan-beratung.de\/tr\/wp-json\/wp\/v2\/pages\/364\/revisions\/6464"}],"up":[{"embeddable":true,"href":"https:\/\/costan-beratung.de\/tr\/wp-json\/wp\/v2\/pages\/611"}],"wp:attachment":[{"href":"https:\/\/costan-beratung.de\/tr\/wp-json\/wp\/v2\/media?parent=364"}],"curies":[{"name":"wp","href":"https:\/\/api.w.org\/{rel}","templated":true}]}}