{"id":3,"date":"2025-10-31T11:27:01","date_gmt":"2025-10-31T11:27:01","guid":{"rendered":"https:\/\/lightgoldenrodyellow-worm-183511.hostingersite.com\/?page_id=3"},"modified":"2025-11-16T19:39:01","modified_gmt":"2025-11-16T19:39:01","slug":"impressum","status":"publish","type":"page","link":"https:\/\/costan-beratung.de\/tr\/impressum\/","title":{"rendered":"K\u00fcnye"},"content":{"rendered":"<p><\/p>\n\n\n\n<p>Angaben gem\u00e4\u00df \u00a7 5 TMG<\/p>\n\n\n\n<p>\u00d6nder Co\u015ftan<\/p>\n\n\n\n<p>Ansbacher Str. 5<br>10787 Berlin<br>Deutschland<\/p>\n\n\n\n<p>Steuernummer: 478\/546\/31905 <\/p>\n\n\n\n<p><strong>\u0130leti\u015fim<\/strong><br>Telefon: <a href=\"tel:+4917618598585\">+49 176 18 59 85 85<\/a><br>E-Mail: <a href=\"mailto:info@costan-beratung.de\">info@costan-beratung.de<\/a><\/p>\n\n\n\n<hr class=\"wp-block-separator has-alpha-channel-opacity\"\/>\n\n\n\n<h2 class=\"wp-block-heading\">Yasal Uyar\u0131 (Haftungsausschluss \/ Disclaimer)<\/h2>\n\n\n\n<h3 class=\"wp-block-heading\">\u0130\u00e7erik Sorumlulu\u011fu (Haftung f\u00fcr Inhalte)<\/h3>\n\n\n\n<p>Bu web sitesindeki i\u00e7erikler azami \u00f6zen g\u00f6sterilerek haz\u0131rlanm\u0131\u015ft\u0131r.\nAncak i\u00e7eriklerin do\u011frulu\u011fu, eksiksizli\u011fi ve g\u00fcncelli\u011fi konusunda herhangi bir garanti verilmemektedir.<\/p>\n\n\n\n<h3 class=\"wp-block-heading\">Ba\u011flant\u0131lar \u0130\u00e7in Sorumluluk (Haftung f\u00fcr Links)<\/h3>\n\n\n\n<p>Bu web sitesi, i\u00e7eri\u011fi \u00fczerinde hi\u00e7bir etkimiz olmayan \u00fc\u00e7\u00fcnc\u00fc taraf web sitelerine ba\u011flant\u0131lar (linkler) i\u00e7erebilir.\nBa\u011flant\u0131 verilen sayfalar\u0131n i\u00e7eri\u011finden her zaman ilgili site sa\u011flay\u0131c\u0131s\u0131 veya i\u015fletmecisi sorumludur.<\/p>\n\n\n\n<h3 class=\"wp-block-heading\">Telif Hakk\u0131 (Urheberrecht)<\/h3>\n\n\n\n<p>Bu web sitesinde yer alan ve site sahibi taraf\u0131ndan olu\u015fturulan t\u00fcm i\u00e7erikler ve eserler, Almanya telif hakk\u0131 yasas\u0131na tabidir.\n\u00dc\u00e7\u00fcnc\u00fc taraflara ait i\u00e7erikler bu \u015fekilde belirtilmi\u015ftir.\nTelif hakk\u0131 s\u0131n\u0131rlar\u0131 d\u0131\u015f\u0131nda kalan \u00e7o\u011faltma, i\u015fleme, yayma veya ba\u015fka herhangi bir bi\u00e7imde kullan\u0131mlar, ilgili yazar\u0131n veya olu\u015fturucunun yaz\u0131l\u0131 iznini gerektirir.<\/p>","protected":false},"excerpt":{"rendered":"<p>Angaben gem\u00e4\u00df \u00a7 5 TMG \u00d6nder Co\u015ftan Ansbacher Str. 510787 BerlinDeutschland Steuernummer: 478\/546\/31905 KontaktTelefon: +49 176 18 59 85 85E-Mail: info@costan-beratung.de Haftungsausschluss (Disclaimer) Haftung f\u00fcr Inhalte Die Inhalte dieser Website wurden mit gr\u00f6\u00dftm\u00f6glicher Sorgfalt erstellt. F\u00fcr die Richtigkeit, Vollst\u00e4ndigkeit und Aktualit\u00e4t der Inhalte wird jedoch keine Gew\u00e4hr \u00fcbernommen. Haftung f\u00fcr Links Diese Website enth\u00e4lt ggf. Links zu externen Webseiten Dritter, auf deren Inhalte kein Einfluss besteht. F\u00fcr die Inhalte der verlinkten Seiten ist stets der jeweilige Anbieter oder Betreiber verantwortlich. Urheberrecht Die durch den Seitenbetreiber erstellten Inhalte und Werke auf dieser Website unterliegen dem deutschen Urheberrecht. Beitr\u00e4ge Dritter sind als solche gekennzeichnet. Die Vervielf\u00e4ltigung, Bearbeitung, Verbreitung und jede Art der Verwertung au\u00dferhalb des Urheberrechts bed\u00fcrfen der schriftlichen Zustimmung des jeweiligen Autors bzw. Erstellers.<\/p>","protected":false},"author":1,"featured_media":0,"parent":0,"menu_order":0,"comment_status":"closed","ping_status":"closed","template":"","meta":{"footnotes":""},"class_list":["post-3","page","type-page","status-publish","hentry"],"_links":{"self":[{"href":"https:\/\/costan-beratung.de\/tr\/wp-json\/wp\/v2\/pages\/3","targetHints":{"allow":["GET"]}}],"collection":[{"href":"https:\/\/costan-beratung.de\/tr\/wp-json\/wp\/v2\/pages"}],"about":[{"href":"https:\/\/costan-beratung.de\/tr\/wp-json\/wp\/v2\/types\/page"}],"author":[{"embeddable":true,"href":"https:\/\/costan-beratung.de\/tr\/wp-json\/wp\/v2\/users\/1"}],"replies":[{"embeddable":true,"href":"https:\/\/costan-beratung.de\/tr\/wp-json\/wp\/v2\/comments?post=3"}],"version-history":[{"count":6,"href":"https:\/\/costan-beratung.de\/tr\/wp-json\/wp\/v2\/pages\/3\/revisions"}],"predecessor-version":[{"id":6571,"href":"https:\/\/costan-beratung.de\/tr\/wp-json\/wp\/v2\/pages\/3\/revisions\/6571"}],"wp:attachment":[{"href":"https:\/\/costan-beratung.de\/tr\/wp-json\/wp\/v2\/media?parent=3"}],"curies":[{"name":"wp","href":"https:\/\/api.w.org\/{rel}","templated":true}]}}