{"id":22,"date":"2019-05-06T06:39:36","date_gmt":"2019-05-06T06:39:36","guid":{"rendered":"http:\/\/localhost\/johnfirm\/?page_id=22"},"modified":"2025-11-16T19:31:44","modified_gmt":"2025-11-16T19:31:44","slug":"kontakt","status":"publish","type":"page","link":"https:\/\/costan-beratung.de\/tr\/kontakt\/","title":{"rendered":"\u0130leti\u015fim"},"content":{"rendered":"<div data-elementor-type=\"wp-page\" data-elementor-id=\"22\" class=\"elementor elementor-22\">\n\t\t\t\t\t\t<section class=\"elementor-section elementor-top-section elementor-element elementor-element-fe6e05e elementor-section-stretched elementor-section-boxed elementor-section-height-default elementor-section-height-default wpr-particle-no wpr-jarallax-no wpr-parallax-no wpr-sticky-section-no\" data-id=\"fe6e05e\" data-element_type=\"section\" data-settings=\"{&quot;stretch_section&quot;:&quot;section-stretched&quot;,&quot;background_background&quot;:&quot;classic&quot;}\">\n\t\t\t\t\t\t<div class=\"elementor-container elementor-column-gap-default\">\n\t\t\t\t\t<div class=\"elementor-column elementor-col-50 elementor-top-column elementor-element elementor-element-5b4256b\" data-id=\"5b4256b\" data-element_type=\"column\" data-settings=\"{&quot;background_background&quot;:&quot;classic&quot;}\">\n\t\t\t<div class=\"elementor-widget-wrap elementor-element-populated\">\n\t\t\t\t\t\t<div class=\"elementor-element elementor-element-38c6be0 elementor-widget elementor-widget-prelements-cf7\" data-id=\"38c6be0\" data-element_type=\"widget\" data-widget_type=\"prelements-cf7.default\">\n\t\t\t\t<div class=\"elementor-widget-container\">\n\t\t\t\t\t\n<div class=\"wpcf7 no-js\" id=\"wpcf7-f793-o1\" lang=\"en-US\" dir=\"ltr\" data-wpcf7-id=\"793\">\n<div class=\"screen-reader-response\"><p role=\"status\" aria-live=\"polite\" aria-atomic=\"true\"><\/p> <ul><\/ul><\/div>\n<form action=\"\/tr\/wp-json\/wp\/v2\/pages\/22#wpcf7-f793-o1\" method=\"post\" class=\"wpcf7-form init\" aria-label=\"Contact form\" novalidate=\"novalidate\" data-status=\"init\" data-trp-original-action=\"\/tr\/wp-json\/wp\/v2\/pages\/22#wpcf7-f793-o1\">\n<fieldset class=\"hidden-fields-container\"><input type=\"hidden\" name=\"_wpcf7\" value=\"793\" \/><input type=\"hidden\" name=\"_wpcf7_version\" value=\"6.1.3\" \/><input type=\"hidden\" name=\"_wpcf7_locale\" value=\"en_US\" \/><input type=\"hidden\" name=\"_wpcf7_unit_tag\" value=\"wpcf7-f793-o1\" \/><input type=\"hidden\" name=\"_wpcf7_container_post\" value=\"0\" \/><input type=\"hidden\" name=\"_wpcf7_posted_data_hash\" value=\"\" \/>\n<\/fieldset>\n<div class=\"practice-areas-form\">\n\t<h3 class=\"widgettitle\">\u0130leti\u015fim\n\t<\/h3>\n\t<p><span class=\"wpcf7-form-control-wrap\" data-name=\"your-name\"><input size=\"40\" maxlength=\"400\" class=\"wpcf7-form-control wpcf7-text wpcf7-validates-as-required\" aria-required=\"true\" aria-invalid=\"false\" placeholder=\"\u0130sminiz\" value=\"\" type=\"text\" name=\"your-name\" \/><\/span><br \/>\n<span class=\"wpcf7-form-control-wrap\" data-name=\"your-email\"><input size=\"40\" maxlength=\"400\" class=\"wpcf7-form-control wpcf7-email wpcf7-validates-as-required wpcf7-text wpcf7-validates-as-email\" aria-required=\"true\" aria-invalid=\"false\" placeholder=\"E-Mail Adresiniz\" value=\"\" type=\"email\" name=\"your-email\" \/><\/span><br \/>\n<span class=\"wpcf7-form-control-wrap\" data-name=\"your-phone\"><input size=\"40\" maxlength=\"400\" class=\"wpcf7-form-control wpcf7-text wpcf7-validates-as-required\" aria-required=\"true\" aria-invalid=\"false\" placeholder=\"Telefon Numaran\u0131z\" value=\"\" type=\"text\" name=\"your-phone\" \/><\/span><br \/>\n<span class=\"wpcf7-form-control-wrap\" data-name=\"your-message\"><textarea cols=\"40\" rows=\"10\" maxlength=\"2000\" class=\"wpcf7-form-control wpcf7-textarea\" aria-invalid=\"false\" placeholder=\"Mesaj\u0131n\u0131z\" name=\"your-message\"><\/textarea><\/span><br \/>\n<span class=\"wpcf7-form-control-wrap\" data-name=\"acceptance-399\"><span class=\"wpcf7-form-control wpcf7-acceptance\"><span class=\"wpcf7-list-item\"><input type=\"checkbox\" name=\"acceptance-399\" value=\"1\" aria-invalid=\"false\" \/><\/span><\/span><\/span> Gizlilik politikas\u0131n\u0131 onayl\u0131yorum.\n\t<\/p>\n\t<p><input class=\"wpcf7-form-control wpcf7-submit has-spinner\" type=\"submit\" value=\"G\u00f6nder\" \/>\n\t<\/p>\n<\/div><div class=\"wpcf7-response-output\" aria-hidden=\"true\"><\/div>\n<input type=\"hidden\" name=\"trp-form-language\" value=\"tr\"\/><\/form>\n<\/div>\n\t\t\t\t<\/div>\n\t\t\t\t<\/div>\n\t\t\t\t\t<\/div>\n\t\t<\/div>\n\t\t\t\t<div class=\"elementor-column elementor-col-50 elementor-top-column elementor-element elementor-element-3a34225\" data-id=\"3a34225\" data-element_type=\"column\" data-settings=\"{&quot;background_background&quot;:&quot;classic&quot;}\">\n\t\t\t<div class=\"elementor-widget-wrap elementor-element-populated\">\n\t\t\t\t\t\t<div class=\"elementor-element elementor-element-dcae3c8 elementor-widget elementor-widget-image\" data-id=\"dcae3c8\" data-element_type=\"widget\" data-widget_type=\"image.default\">\n\t\t\t\t\t\t\t\t\t\t\t\t\t\t\t<img fetchpriority=\"high\" decoding=\"async\" width=\"640\" height=\"376\" src=\"https:\/\/costan-beratung.de\/wp-content\/uploads\/2025\/10\/DSC00695-1-1024x601.jpg\" class=\"attachment-large size-large wp-image-6024\" alt=\"\" srcset=\"https:\/\/costan-beratung.de\/wp-content\/uploads\/2025\/10\/DSC00695-1-1024x601.jpg 1024w, https:\/\/costan-beratung.de\/wp-content\/uploads\/2025\/10\/DSC00695-1-300x176.jpg 300w, https:\/\/costan-beratung.de\/wp-content\/uploads\/2025\/10\/DSC00695-1-768x451.jpg 768w, https:\/\/costan-beratung.de\/wp-content\/uploads\/2025\/10\/DSC00695-1-600x352.jpg 600w, https:\/\/costan-beratung.de\/wp-content\/uploads\/2025\/10\/DSC00695-1.jpg 1271w\" sizes=\"(max-width: 640px) 100vw, 640px\" \/>\t\t\t\t\t\t\t\t\t\t\t\t\t\t\t<\/div>\n\t\t\t\t<section class=\"elementor-section elementor-inner-section elementor-element elementor-element-a5786c8 elementor-section-boxed elementor-section-height-default elementor-section-height-default wpr-particle-no wpr-jarallax-no wpr-parallax-no wpr-sticky-section-no\" data-id=\"a5786c8\" data-element_type=\"section\">\n\t\t\t\t\t\t<div class=\"elementor-container elementor-column-gap-default\">\n\t\t\t\t\t<div class=\"elementor-column elementor-col-100 elementor-inner-column elementor-element elementor-element-a64763b\" data-id=\"a64763b\" data-element_type=\"column\">\n\t\t\t<div class=\"elementor-widget-wrap elementor-element-populated\">\n\t\t\t\t\t\t<div class=\"elementor-element elementor-element-8d128f1 elementor-widget elementor-widget-prelements-heading\" data-id=\"8d128f1\" data-element_type=\"widget\" data-widget_type=\"prelements-heading.default\">\n\t\t\t\t<div class=\"elementor-widget-container\">\n\t\t\t\t\t\r\n        <div class=\"prelements-heading default animate-\">\r\n        \t<div class=\"title-inner\">        \t\t      \t\t\r\n\t            <h2 class=\"title\"><span class=\"watermark\"><\/span>\u00d6nder Co\u015ftan<\/h2>\t\t\t\t\r\n\t\t\t\t\t        <\/div>\r\n\t                <\/div>\r\n        \t\t\t\t<\/div>\n\t\t\t\t<\/div>\n\t\t\t\t\t<\/div>\n\t\t<\/div>\n\t\t\t\t\t<\/div>\n\t\t<\/section>\n\t\t\t\t<section class=\"elementor-section elementor-inner-section elementor-element elementor-element-1b495b8 elementor-section-boxed elementor-section-height-default elementor-section-height-default wpr-particle-no wpr-jarallax-no wpr-parallax-no wpr-sticky-section-no\" data-id=\"1b495b8\" data-element_type=\"section\">\n\t\t\t\t\t\t<div class=\"elementor-container elementor-column-gap-default\">\n\t\t\t\t\t<div class=\"elementor-column elementor-col-100 elementor-inner-column elementor-element elementor-element-aeb65ad\" data-id=\"aeb65ad\" data-element_type=\"column\">\n\t\t\t<div class=\"elementor-widget-wrap elementor-element-populated\">\n\t\t\t\t\t\t<div class=\"elementor-element elementor-element-ab1f7e2 elementor-widget elementor-widget-prelements-service-grid\" data-id=\"ab1f7e2\" data-element_type=\"widget\" data-widget_type=\"prelements-service-grid.default\">\n\t\t\t\t<div class=\"elementor-widget-container\">\n\t\t\t\t\t\t\t\r\n\t\t<div class=\"prelements-addon-services services-style4\">\r\n\t\t    <div class=\"services-part\">\r\n\t\t    \t\t\t    \t\t<div class=\"services-icon\">\r\n\r\n\t\t\t    \t\t\r\n\r\n\t\t\t    \t\t\t\t\t    \t\t\t<span class=\"pre-icon\">\r\n\t\t\t\t    \t\t\t<svg aria-hidden=\"true\" class=\"e-font-icon-svg e-fas-phone-alt\" viewbox=\"0 0 512 512\" xmlns=\"http:\/\/www.w3.org\/2000\/svg\"><path d=\"M497.39 361.8l-112-48a24 24 0 0 0-28 6.9l-49.6 60.6A370.66 370.66 0 0 1 130.6 204.11l60.6-49.6a23.94 23.94 0 0 0 6.9-28l-48-112A24.16 24.16 0 0 0 122.6.61l-104 24A24 24 0 0 0 0 48c0 256.5 207.9 464 464 464a24 24 0 0 0 23.4-18.6l24-104a24.29 24.29 0 0 0-14.01-27.6z\"><\/path><\/svg>\t\t\t\t    \t\t<\/span>\r\n\t\t\t    \t\t\r\n\t\t\t    \t\t\t\t\t    \t\t\r\n\r\n\t\t\t    \t\t\r\n\t\t\t    \t\t\t\t    \t\t<\/div>\r\n\t\t    \t\t\t    \t\t       \r\n\t\t\t    <div class=\"services-text\">\r\n\t\t\t    \t\t\t\t\t    \t<div class=\"services-title\">\r\n\t\t\t\t    \t\t\r\n\t\t\t\t    \t\t\t\t\t    \t\t\t\t\t\t\t    \t\t\t\r\n\t\t\t\t    \t\t<h2  class=\"title\"> <a href=\"tel:004917618598585\" >Telefon<\/a><\/h2>\r\n\r\n\t\t\t\t    \t\t\t\t\t\t    \t\t\r\n\t\t\t\t    \t<\/div>\r\n\t\t\t    \t\t\t\t    \t\r\n\t\t\t    \t\t\t\t    \t\t<p class=\"services-txt\">  +49 176 18598585<\/p>\t\r\n\t\t\t    \t\t\r\n\r\n\r\n\t\t\t\t    \r\n\t\t\t    \t\t\t    \t    \t\t    \t    \t\r\n\t\t\t    <\/div>\r\n\r\n\t\t\t    \r\n\t\t\t<\/div>\r\n\t\t<\/div>\t\r\n\t\t\r\n\t\t\t\t\t<\/div>\n\t\t\t\t<\/div>\n\t\t\t\t<div class=\"elementor-element elementor-element-2d1d632 elementor-widget elementor-widget-prelements-service-grid\" data-id=\"2d1d632\" data-element_type=\"widget\" data-widget_type=\"prelements-service-grid.default\">\n\t\t\t\t<div class=\"elementor-widget-container\">\n\t\t\t\t\t\t\t\r\n\t\t<div class=\"prelements-addon-services services-style4\">\r\n\t\t    <div class=\"services-part\">\r\n\t\t    \t\t\t    \t\t<div class=\"services-icon\">\r\n\r\n\t\t\t    \t\t\r\n\r\n\t\t\t    \t\t\t\t\t    \t\t\t<span class=\"pre-icon\">\r\n\t\t\t\t    \t\t\t<svg aria-hidden=\"true\" class=\"e-font-icon-svg e-far-envelope-open\" viewbox=\"0 0 512 512\" xmlns=\"http:\/\/www.w3.org\/2000\/svg\"><path d=\"M494.586 164.516c-4.697-3.883-111.723-89.95-135.251-108.657C337.231 38.191 299.437 0 256 0c-43.205 0-80.636 37.717-103.335 55.859-24.463 19.45-131.07 105.195-135.15 108.549A48.004 48.004 0 0 0 0 201.485V464c0 26.51 21.49 48 48 48h416c26.51 0 48-21.49 48-48V201.509a48 48 0 0 0-17.414-36.993zM464 458a6 6 0 0 1-6 6H54a6 6 0 0 1-6-6V204.347c0-1.813.816-3.526 2.226-4.665 15.87-12.814 108.793-87.554 132.364-106.293C200.755 78.88 232.398 48 256 48c23.693 0 55.857 31.369 73.41 45.389 23.573 18.741 116.503 93.493 132.366 106.316a5.99 5.99 0 0 1 2.224 4.663V458zm-31.991-187.704c4.249 5.159 3.465 12.795-1.745 16.981-28.975 23.283-59.274 47.597-70.929 56.863C336.636 362.283 299.205 400 256 400c-43.452 0-81.287-38.237-103.335-55.86-11.279-8.967-41.744-33.413-70.927-56.865-5.21-4.187-5.993-11.822-1.745-16.981l15.258-18.528c4.178-5.073 11.657-5.843 16.779-1.726 28.618 23.001 58.566 47.035 70.56 56.571C200.143 320.631 232.307 352 256 352c23.602 0 55.246-30.88 73.41-45.389 11.994-9.535 41.944-33.57 70.563-56.568 5.122-4.116 12.601-3.346 16.778 1.727l15.258 18.526z\"><\/path><\/svg>\t\t\t\t    \t\t<\/span>\r\n\t\t\t    \t\t\r\n\t\t\t    \t\t\t\t\t    \t\t\r\n\r\n\t\t\t    \t\t\r\n\t\t\t    \t\t\t\t    \t\t<\/div>\r\n\t\t    \t\t\t    \t\t       \r\n\t\t\t    <div class=\"services-text\">\r\n\t\t\t    \t\t\t\t\t    \t<div class=\"services-title\">\r\n\t\t\t\t    \t\t\r\n\t\t\t\t    \t\t\t\t\t    \t\t\t\t\t\t\t    \t\t\t\r\n\t\t\t\t    \t\t<h2  class=\"title\"> <a href=\"mailto:info@costan-beratung.de\" >E-Mail<\/a><\/h2>\r\n\r\n\t\t\t\t    \t\t\t\t\t\t    \t\t\r\n\t\t\t\t    \t<\/div>\r\n\t\t\t    \t\t\t\t    \t\r\n\t\t\t    \t\t\t\t    \t\t<p class=\"services-txt\">  info@costan-beratung.de<\/p>\t\r\n\t\t\t    \t\t\r\n\r\n\r\n\t\t\t\t    \r\n\t\t\t    \t\t\t    \t    \t\t    \t    \t\r\n\t\t\t    <\/div>\r\n\r\n\t\t\t    \r\n\t\t\t<\/div>\r\n\t\t<\/div>\t\r\n\t\t\r\n\t\t\t\t\t<\/div>\n\t\t\t\t<\/div>\n\t\t\t\t<div class=\"elementor-element elementor-element-94c78a2 elementor-widget elementor-widget-prelements-service-grid\" data-id=\"94c78a2\" data-element_type=\"widget\" data-widget_type=\"prelements-service-grid.default\">\n\t\t\t\t<div class=\"elementor-widget-container\">\n\t\t\t\t\t\t\t\r\n\t\t<div class=\"prelements-addon-services services-style4\">\r\n\t\t    <div class=\"services-part\">\r\n\t\t    \t\t\t    \t\t<div class=\"services-icon\">\r\n\r\n\t\t\t    \t\t\r\n\r\n\t\t\t    \t\t\t\t\t    \t\t\t<span class=\"pre-icon\">\r\n\t\t\t\t    \t\t\t<svg aria-hidden=\"true\" class=\"e-font-icon-svg e-fas-map-marker-alt\" viewbox=\"0 0 384 512\" xmlns=\"http:\/\/www.w3.org\/2000\/svg\"><path d=\"M172.268 501.67C26.97 291.031 0 269.413 0 192 0 85.961 85.961 0 192 0s192 85.961 192 192c0 77.413-26.97 99.031-172.268 309.67-9.535 13.774-29.93 13.773-39.464 0zM192 272c44.183 0 80-35.817 80-80s-35.817-80-80-80-80 35.817-80 80 35.817 80 80 80z\"><\/path><\/svg>\t\t\t\t    \t\t<\/span>\r\n\t\t\t    \t\t\r\n\t\t\t    \t\t\t\t\t    \t\t\r\n\r\n\t\t\t    \t\t\r\n\t\t\t    \t\t\t\t    \t\t<\/div>\r\n\t\t    \t\t\t    \t\t       \r\n\t\t\t    <div class=\"services-text\">\r\n\t\t\t    \t\t\t\t\t    \t<div class=\"services-title\">\r\n\t\t\t\t    \t\t\r\n\t\t\t\t    \t\t\t\t\t\t    \t\t\t<h2 class=\"title\"> Adres<\/h2>\r\n\t\t\t\t    \t\t\t\t\t\t    \t\t\r\n\t\t\t\t    \t<\/div>\r\n\t\t\t    \t\t\t\t    \t\r\n\t\t\t    \t\t\t\t    \t\t<p class=\"services-txt\">  Ansbacher Str. 5, 10787 Berlin, Deutschland\n<\/p>\t\r\n\t\t\t    \t\t\r\n\r\n\r\n\t\t\t\t    \r\n\t\t\t    \t\t\t    \t    \t\t    \t    \t\r\n\t\t\t    <\/div>\r\n\r\n\t\t\t    \r\n\t\t\t<\/div>\r\n\t\t<\/div>\t\r\n\t\t\r\n\t\t\t\t\t<\/div>\n\t\t\t\t<\/div>\n\t\t\t\t\t<\/div>\n\t\t<\/div>\n\t\t\t\t\t<\/div>\n\t\t<\/section>\n\t\t\t\t\t<\/div>\n\t\t<\/div>\n\t\t\t\t\t<\/div>\n\t\t<\/section>\n\t\t\t\t<section class=\"elementor-section elementor-top-section elementor-element elementor-element-625cec5 elementor-section-full_width elementor-section-stretched elementor-section-height-default elementor-section-height-default wpr-particle-no wpr-jarallax-no wpr-parallax-no wpr-sticky-section-no\" data-id=\"625cec5\" data-element_type=\"section\" data-settings=\"{&quot;stretch_section&quot;:&quot;section-stretched&quot;}\">\n\t\t\t\t\t\t<div class=\"elementor-container elementor-column-gap-default\">\n\t\t\t\t\t<div class=\"elementor-column elementor-col-100 elementor-top-column elementor-element elementor-element-2530669\" data-id=\"2530669\" data-element_type=\"column\">\n\t\t\t<div class=\"elementor-widget-wrap elementor-element-populated\">\n\t\t\t\t\t\t<div class=\"elementor-element elementor-element-a7c4622 elementor-widget elementor-widget-google_maps\" data-id=\"a7c4622\" data-element_type=\"widget\" data-widget_type=\"google_maps.default\">\n\t\t\t\t\t\t\t<div class=\"elementor-custom-embed\">\n\t\t\t<iframe loading=\"lazy\"\n\t\t\t\t\tsrc=\"https:\/\/maps.google.com\/maps?q=Ansbacher%20Str.%205%2C%2010787%20Berlin%2C%20Deutschland&#038;t=m&#038;z=13&#038;output=embed&#038;iwloc=near\"\n\t\t\t\t\ttitle=\"Ansbacher Str. 5, 10787 Berlin, Deutschland\"\n\t\t\t\t\taria-label=\"Ansbacher Str. 5, 10787 Berlin, Deutschland\"\n\t\t\t><\/iframe>\n\t\t<\/div>\n\t\t\t\t\t\t<\/div>\n\t\t\t\t\t<\/div>\n\t\t<\/div>\n\t\t\t\t\t<\/div>\n\t\t<\/section>\n\t\t\t\t<\/div>","protected":false},"excerpt":{"rendered":"<p>Kontakt Ich stimme dem Datenschutz zu. \u00d6nder Co\u015ftan Telefon +49 176 18598585 E-Mail info@costan-beratung.de Adresse Ansbacher Str. 5, 10787 Berlin, Deutschland<\/p>","protected":false},"author":1,"featured_media":0,"parent":0,"menu_order":0,"comment_status":"closed","ping_status":"closed","template":"","meta":{"footnotes":""},"class_list":["post-22","page","type-page","status-publish","hentry"],"_links":{"self":[{"href":"https:\/\/costan-beratung.de\/tr\/wp-json\/wp\/v2\/pages\/22","targetHints":{"allow":["GET"]}}],"collection":[{"href":"https:\/\/costan-beratung.de\/tr\/wp-json\/wp\/v2\/pages"}],"about":[{"href":"https:\/\/costan-beratung.de\/tr\/wp-json\/wp\/v2\/types\/page"}],"author":[{"embeddable":true,"href":"https:\/\/costan-beratung.de\/tr\/wp-json\/wp\/v2\/users\/1"}],"replies":[{"embeddable":true,"href":"https:\/\/costan-beratung.de\/tr\/wp-json\/wp\/v2\/comments?post=22"}],"version-history":[{"count":14,"href":"https:\/\/costan-beratung.de\/tr\/wp-json\/wp\/v2\/pages\/22\/revisions"}],"predecessor-version":[{"id":6568,"href":"https:\/\/costan-beratung.de\/tr\/wp-json\/wp\/v2\/pages\/22\/revisions\/6568"}],"wp:attachment":[{"href":"https:\/\/costan-beratung.de\/tr\/wp-json\/wp\/v2\/media?parent=22"}],"curies":[{"name":"wp","href":"https:\/\/api.w.org\/{rel}","templated":true}]}}